{"id":723752,"date":"2026-04-01T17:38:23","date_gmt":"2026-04-01T16:38:23","guid":{"rendered":"https:\/\/shop.kustom.ch\/?post_type=product&#038;p=723752"},"modified":"2026-04-01T18:28:57","modified_gmt":"2026-04-01T17:28:57","slug":"sport-bag","status":"publish","type":"product","link":"https:\/\/shop.kustom.ch\/fr\/produit\/sport-bag\/","title":{"rendered":"Sac de sport"},"content":{"rendered":"<p>Sac de sport. Les sacs de sport sont fabriqu\u00e9s \u00e0 partir de r\u00e9sidus de vestes de pluie et sont donc imperm\u00e9ables. Ils sont parfaits pour la salle de sport, mais aussi pour les vacances \u00e0 la plage. Gr\u00e2ce \u00e0 leurs dimensions compactes, ils se glissent facilement dans les bagages. De plus, ils sont lavables en machine et donc particuli\u00e8rement faciles \u00e0 entretenir.<br \/>\nDimensions : L 50cm x H 20cm x P 30cm<\/p>","protected":false},"excerpt":{"rendered":"<p>Sport Bag.&nbsp;Die Sportbags werden aus Reststoffen von Regenjacken gefertigt und sind daher wasserabweisend. Sie eignen sich perfekt f&#xFC;r das Fitnessstudio, aber auch f&#xFC;r den Strandurlaub. Dank ihres kompakten Packmasses passen sie problemlos ins Reisegep&auml;ck. Zus&auml;tzlich sind sie maschinenwaschbar und daher besonders pflegeleicht. Masse: L 50cm x H 20cm x T 30cm<\/p>","protected":false},"featured_media":723825,"template":"","meta":[],"product_brand":[],"product_cat":[4195],"product_tag":[],"class_list":{"0":"post-723752","1":"product","2":"type-product","3":"status-publish","4":"has-post-thumbnail","6":"product_cat-rucksaecke-taschen","7":"pa_brand-rukka","8":"pa_brand-type-workwear","9":"pa_filter-color-blau","10":"pa_filter-color-braun","11":"pa_filter-color-gruen","13":"first","14":"instock","15":"taxable","16":"shipping-taxable","17":"purchasable","18":"product-type-variable","19":"add-to-wishlist-before_image"},"exclude_global_add_ons":[],"addons":[],"acf":[],"_links":{"self":[{"href":"https:\/\/shop.kustom.ch\/fr\/wp-json\/wp\/v2\/product\/723752"}],"collection":[{"href":"https:\/\/shop.kustom.ch\/fr\/wp-json\/wp\/v2\/product"}],"about":[{"href":"https:\/\/shop.kustom.ch\/fr\/wp-json\/wp\/v2\/types\/product"}],"wp:featuredmedia":[{"embeddable":true,"href":"https:\/\/shop.kustom.ch\/fr\/wp-json\/wp\/v2\/media\/723825"}],"wp:attachment":[{"href":"https:\/\/shop.kustom.ch\/fr\/wp-json\/wp\/v2\/media?parent=723752"}],"wp:term":[{"taxonomy":"product_brand","embeddable":true,"href":"https:\/\/shop.kustom.ch\/fr\/wp-json\/wp\/v2\/product_brand?post=723752"},{"taxonomy":"product_cat","embeddable":true,"href":"https:\/\/shop.kustom.ch\/fr\/wp-json\/wp\/v2\/product_cat?post=723752"},{"taxonomy":"product_tag","embeddable":true,"href":"https:\/\/shop.kustom.ch\/fr\/wp-json\/wp\/v2\/product_tag?post=723752"}],"curies":[{"name":"wp","href":"https:\/\/api.w.org\/{rel}","templated":true}]}}