{"id":723742,"date":"2026-04-01T17:37:55","date_gmt":"2026-04-01T16:37:55","guid":{"rendered":"https:\/\/shop.kustom.ch\/?post_type=product&#038;p=723742"},"modified":"2026-04-01T17:42:03","modified_gmt":"2026-04-01T16:42:03","slug":"cord-cap","status":"publish","type":"product","link":"https:\/\/shop.kustom.ch\/fr\/produit\/cord-cap\/","title":{"rendered":"Casquette en velours c\u00f4tel\u00e9"},"content":{"rendered":"<p>Casquette en velours c\u00f4tel\u00e9. Les casquettes cool en velours c\u00f4tel\u00e9 se d\u00e9clinent dans de nombreuses couleurs pour s'accorder avec les tenues de plein air.<\/p>","protected":false},"excerpt":{"rendered":"<p>Casquette en velours c\u00f4tel\u00e9. Les casquettes cool en velours c\u00f4tel\u00e9 se d\u00e9clinent dans de nombreuses couleurs pour s'accorder avec les tenues de plein air.<\/p>","protected":false},"featured_media":723816,"template":"","meta":[],"product_brand":[],"product_cat":[4177],"product_tag":[],"class_list":{"0":"post-723742","1":"product","2":"type-product","3":"status-publish","4":"has-post-thumbnail","6":"product_cat-caps-muetzen","7":"pa_brand-rukka","8":"pa_brand-type-workwear","9":"pa_filter-color-blau","10":"pa_filter-color-braun","11":"pa_filter-color-gruen","12":"pa_filter-color-pink","14":"first","15":"instock","16":"taxable","17":"shipping-taxable","18":"purchasable","19":"product-type-variable","20":"add-to-wishlist-before_image"},"exclude_global_add_ons":[],"addons":[],"acf":[],"_links":{"self":[{"href":"https:\/\/shop.kustom.ch\/fr\/wp-json\/wp\/v2\/product\/723742"}],"collection":[{"href":"https:\/\/shop.kustom.ch\/fr\/wp-json\/wp\/v2\/product"}],"about":[{"href":"https:\/\/shop.kustom.ch\/fr\/wp-json\/wp\/v2\/types\/product"}],"wp:featuredmedia":[{"embeddable":true,"href":"https:\/\/shop.kustom.ch\/fr\/wp-json\/wp\/v2\/media\/723816"}],"wp:attachment":[{"href":"https:\/\/shop.kustom.ch\/fr\/wp-json\/wp\/v2\/media?parent=723742"}],"wp:term":[{"taxonomy":"product_brand","embeddable":true,"href":"https:\/\/shop.kustom.ch\/fr\/wp-json\/wp\/v2\/product_brand?post=723742"},{"taxonomy":"product_cat","embeddable":true,"href":"https:\/\/shop.kustom.ch\/fr\/wp-json\/wp\/v2\/product_cat?post=723742"},{"taxonomy":"product_tag","embeddable":true,"href":"https:\/\/shop.kustom.ch\/fr\/wp-json\/wp\/v2\/product_tag?post=723742"}],"curies":[{"name":"wp","href":"https:\/\/api.w.org\/{rel}","templated":true}]}}