{"id":723658,"date":"2026-04-01T17:33:04","date_gmt":"2026-04-01T16:33:04","guid":{"rendered":"https:\/\/shop.kustom.ch\/?post_type=product&#038;p=723658"},"modified":"2026-04-01T17:38:19","modified_gmt":"2026-04-01T16:38:19","slug":"bambus-socken-kurz","status":"publish","type":"product","link":"https:\/\/shop.kustom.ch\/fr\/produit\/bambus-socken-kurz\/","title":{"rendered":"Chaussettes courtes en bambou"},"content":{"rendered":"<p>Chaussettes courtes en bambou. Les superbes chaussettes en bambou au confort exceptionnel sont enfin disponibles en version courte, en blanc et en noir. En fibre de bambou, tr\u00e8s confortables \u00e0 porter, talon et pointe renforc\u00e9s, paquet de 3, tailles S=35-38, M=39-42, L=43-46<\/p>","protected":false},"excerpt":{"rendered":"<p>Chaussettes courtes en bambou. Les superbes chaussettes en bambou au confort exceptionnel sont enfin disponibles en version courte, en blanc et en noir. En fibre de bambou, tr\u00e8s confortables \u00e0 porter, talon et pointe renforc\u00e9s, paquet de 3, tailles S=35-38, M=39-42, L=43-46<\/p>","protected":false},"featured_media":723743,"template":"","meta":[],"product_brand":[],"product_cat":[4199],"product_tag":[],"class_list":{"0":"post-723658","1":"product","2":"type-product","3":"status-publish","4":"has-post-thumbnail","6":"product_cat-socken","7":"pa_brand-rukka","8":"pa_brand-type-workwear","9":"pa_filter-color-schwarz","10":"pa_filter-color-weiss","12":"first","13":"instock","14":"taxable","15":"shipping-taxable","16":"purchasable","17":"product-type-variable","18":"add-to-wishlist-before_image"},"exclude_global_add_ons":[],"addons":[],"acf":[],"_links":{"self":[{"href":"https:\/\/shop.kustom.ch\/fr\/wp-json\/wp\/v2\/product\/723658"}],"collection":[{"href":"https:\/\/shop.kustom.ch\/fr\/wp-json\/wp\/v2\/product"}],"about":[{"href":"https:\/\/shop.kustom.ch\/fr\/wp-json\/wp\/v2\/types\/product"}],"wp:featuredmedia":[{"embeddable":true,"href":"https:\/\/shop.kustom.ch\/fr\/wp-json\/wp\/v2\/media\/723743"}],"wp:attachment":[{"href":"https:\/\/shop.kustom.ch\/fr\/wp-json\/wp\/v2\/media?parent=723658"}],"wp:term":[{"taxonomy":"product_brand","embeddable":true,"href":"https:\/\/shop.kustom.ch\/fr\/wp-json\/wp\/v2\/product_brand?post=723658"},{"taxonomy":"product_cat","embeddable":true,"href":"https:\/\/shop.kustom.ch\/fr\/wp-json\/wp\/v2\/product_cat?post=723658"},{"taxonomy":"product_tag","embeddable":true,"href":"https:\/\/shop.kustom.ch\/fr\/wp-json\/wp\/v2\/product_tag?post=723658"}],"curies":[{"name":"wp","href":"https:\/\/api.w.org\/{rel}","templated":true}]}}