{"id":723641,"date":"2026-04-01T17:32:15","date_gmt":"2026-04-01T16:32:15","guid":{"rendered":"https:\/\/shop.kustom.ch\/?post_type=product&#038;p=723641"},"modified":"2026-04-01T17:37:47","modified_gmt":"2026-04-01T16:37:47","slug":"capell-waterproof-cap","status":"publish","type":"product","link":"https:\/\/shop.kustom.ch\/fr\/produit\/capell-waterproof-cap\/","title":{"rendered":"Capell waterproof cap"},"content":{"rendered":"<p>La casquette. La nouvelle casquette de baseball imperm\u00e9able prot\u00e8ge bien du vent et de la pluie et a un look styl\u00e9.<\/p>","protected":false},"excerpt":{"rendered":"<p>La casquette. La nouvelle casquette de baseball imperm\u00e9able prot\u00e8ge bien du vent et de la pluie et a un look styl\u00e9.<\/p>","protected":false},"featured_media":723734,"template":"","meta":[],"product_brand":[],"product_cat":[4177],"product_tag":[],"class_list":{"0":"post-723641","1":"product","2":"type-product","3":"status-publish","4":"has-post-thumbnail","6":"product_cat-caps-muetzen","7":"pa_brand-rukka","8":"pa_brand-type-workwear","9":"pa_filter-color-grau","10":"pa_filter-color-schwarz","12":"first","13":"instock","14":"taxable","15":"shipping-taxable","16":"purchasable","17":"product-type-variable","18":"add-to-wishlist-before_image"},"exclude_global_add_ons":[],"addons":[],"acf":[],"_links":{"self":[{"href":"https:\/\/shop.kustom.ch\/fr\/wp-json\/wp\/v2\/product\/723641"}],"collection":[{"href":"https:\/\/shop.kustom.ch\/fr\/wp-json\/wp\/v2\/product"}],"about":[{"href":"https:\/\/shop.kustom.ch\/fr\/wp-json\/wp\/v2\/types\/product"}],"wp:featuredmedia":[{"embeddable":true,"href":"https:\/\/shop.kustom.ch\/fr\/wp-json\/wp\/v2\/media\/723734"}],"wp:attachment":[{"href":"https:\/\/shop.kustom.ch\/fr\/wp-json\/wp\/v2\/media?parent=723641"}],"wp:term":[{"taxonomy":"product_brand","embeddable":true,"href":"https:\/\/shop.kustom.ch\/fr\/wp-json\/wp\/v2\/product_brand?post=723641"},{"taxonomy":"product_cat","embeddable":true,"href":"https:\/\/shop.kustom.ch\/fr\/wp-json\/wp\/v2\/product_cat?post=723641"},{"taxonomy":"product_tag","embeddable":true,"href":"https:\/\/shop.kustom.ch\/fr\/wp-json\/wp\/v2\/product_tag?post=723641"}],"curies":[{"name":"wp","href":"https:\/\/api.w.org\/{rel}","templated":true}]}}