{"id":723631,"date":"2026-04-01T17:31:46","date_gmt":"2026-04-01T16:31:46","guid":{"rendered":"https:\/\/shop.kustom.ch\/?post_type=product&#038;p=723631"},"modified":"2026-04-01T17:36:44","modified_gmt":"2026-04-01T16:36:44","slug":"heisskalt-trinkflasche-750-ml","status":"publish","type":"product","link":"https:\/\/shop.kustom.ch\/fr\/produit\/heisskalt-trinkflasche-750-ml\/","title":{"rendered":"Gourde HeissKalt 750 ml"},"content":{"rendered":"<p>ChaudFroid. Nos gourdes gardent vos boissons au chaud jusqu'\u00e0 12 heures ou au froid jusqu'\u00e0 24 heures. Gr\u00e2ce \u00e0 la fermeture renforc\u00e9e, les boissons gazeuses peuvent \u00e9galement \u00eatre transport\u00e9es. Quoi de plus agr\u00e9able que de savourer une boisson rafra\u00eechissante ou un th\u00e9 chaud en pleine nature ?<\/p>","protected":false},"excerpt":{"rendered":"<p>ChaudFroid. Nos gourdes gardent vos boissons au chaud jusqu'\u00e0 12 heures ou au froid jusqu'\u00e0 24 heures. Gr\u00e2ce \u00e0 la fermeture renforc\u00e9e, les boissons gazeuses peuvent \u00e9galement \u00eatre transport\u00e9es. Quoi de plus agr\u00e9able que de savourer une boisson rafra\u00eechissante ou un th\u00e9 chaud en pleine nature ?<\/p>","protected":false},"featured_media":723713,"template":"","meta":[],"product_brand":[],"product_cat":[4207],"product_tag":[],"class_list":{"0":"post-723631","1":"product","2":"type-product","3":"status-publish","4":"has-post-thumbnail","6":"product_cat-wasserflaschen","7":"pa_brand-rukka","8":"pa_brand-type-workwear","9":"pa_filter-color-blau","10":"pa_filter-color-gruen","11":"pa_filter-color-orange","12":"pa_filter-color-weiss","14":"first","15":"instock","16":"taxable","17":"shipping-taxable","18":"purchasable","19":"product-type-variable","20":"add-to-wishlist-before_image"},"exclude_global_add_ons":[],"addons":[],"acf":[],"_links":{"self":[{"href":"https:\/\/shop.kustom.ch\/fr\/wp-json\/wp\/v2\/product\/723631"}],"collection":[{"href":"https:\/\/shop.kustom.ch\/fr\/wp-json\/wp\/v2\/product"}],"about":[{"href":"https:\/\/shop.kustom.ch\/fr\/wp-json\/wp\/v2\/types\/product"}],"wp:featuredmedia":[{"embeddable":true,"href":"https:\/\/shop.kustom.ch\/fr\/wp-json\/wp\/v2\/media\/723713"}],"wp:attachment":[{"href":"https:\/\/shop.kustom.ch\/fr\/wp-json\/wp\/v2\/media?parent=723631"}],"wp:term":[{"taxonomy":"product_brand","embeddable":true,"href":"https:\/\/shop.kustom.ch\/fr\/wp-json\/wp\/v2\/product_brand?post=723631"},{"taxonomy":"product_cat","embeddable":true,"href":"https:\/\/shop.kustom.ch\/fr\/wp-json\/wp\/v2\/product_cat?post=723631"},{"taxonomy":"product_tag","embeddable":true,"href":"https:\/\/shop.kustom.ch\/fr\/wp-json\/wp\/v2\/product_tag?post=723631"}],"curies":[{"name":"wp","href":"https:\/\/api.w.org\/{rel}","templated":true}]}}