{"id":723611,"date":"2026-04-01T17:30:43","date_gmt":"2026-04-01T16:30:43","guid":{"rendered":"https:\/\/shop.kustom.ch\/?post_type=product&#038;p=723611"},"modified":"2026-04-01T17:32:37","modified_gmt":"2026-04-01T16:32:37","slug":"logo-belt-unisex-guertel","status":"publish","type":"product","link":"https:\/\/shop.kustom.ch\/fr\/produit\/logo-belt-unisex-guertel\/","title":{"rendered":"Logo Belt ceinture unisexe"},"content":{"rendered":"<p>Ceinture \u00e0 logo. Les nouvelles ceintures sont tr\u00e8s pratiques et peuvent \u00eatre combin\u00e9es avec tous les pantalons de randonn\u00e9e rukka. La longueur peut \u00eatre ajust\u00e9e individuellement et par soi-m\u00eame.<\/p>","protected":false},"excerpt":{"rendered":"<p>Ceinture \u00e0 logo. Les nouvelles ceintures sont tr\u00e8s pratiques et peuvent \u00eatre combin\u00e9es avec tous les pantalons de randonn\u00e9e rukka. La longueur peut \u00eatre ajust\u00e9e individuellement et par soi-m\u00eame.<\/p>","protected":false},"featured_media":723639,"template":"","meta":[],"product_brand":[],"product_cat":[4178],"product_tag":[],"class_list":{"0":"post-723611","1":"product","2":"type-product","3":"status-publish","4":"has-post-thumbnail","6":"product_cat-guertel","7":"pa_brand-rukka","8":"pa_brand-type-workwear","9":"pa_filter-color-grau","10":"pa_filter-color-schwarz","12":"first","13":"instock","14":"taxable","15":"shipping-taxable","16":"purchasable","17":"product-type-variable","18":"add-to-wishlist-before_image"},"exclude_global_add_ons":[],"addons":[],"acf":[],"_links":{"self":[{"href":"https:\/\/shop.kustom.ch\/fr\/wp-json\/wp\/v2\/product\/723611"}],"collection":[{"href":"https:\/\/shop.kustom.ch\/fr\/wp-json\/wp\/v2\/product"}],"about":[{"href":"https:\/\/shop.kustom.ch\/fr\/wp-json\/wp\/v2\/types\/product"}],"wp:featuredmedia":[{"embeddable":true,"href":"https:\/\/shop.kustom.ch\/fr\/wp-json\/wp\/v2\/media\/723639"}],"wp:attachment":[{"href":"https:\/\/shop.kustom.ch\/fr\/wp-json\/wp\/v2\/media?parent=723611"}],"wp:term":[{"taxonomy":"product_brand","embeddable":true,"href":"https:\/\/shop.kustom.ch\/fr\/wp-json\/wp\/v2\/product_brand?post=723611"},{"taxonomy":"product_cat","embeddable":true,"href":"https:\/\/shop.kustom.ch\/fr\/wp-json\/wp\/v2\/product_cat?post=723611"},{"taxonomy":"product_tag","embeddable":true,"href":"https:\/\/shop.kustom.ch\/fr\/wp-json\/wp\/v2\/product_tag?post=723611"}],"curies":[{"name":"wp","href":"https:\/\/api.w.org\/{rel}","templated":true}]}}