{"id":723608,"date":"2026-04-01T17:30:43","date_gmt":"2026-04-01T16:30:43","guid":{"rendered":"https:\/\/shop.kustom.ch\/?post_type=product&#038;p=723608"},"modified":"2026-04-01T17:31:41","modified_gmt":"2026-04-01T16:31:41","slug":"ebro-wetterfest-rucksack","status":"publish","type":"product","link":"https:\/\/shop.kustom.ch\/fr\/produit\/ebro-wetterfest-rucksack\/","title":{"rendered":"Sac \u00e0 dos Ebro r\u00e9sistant aux intemp\u00e9ries"},"content":{"rendered":"<p>Ebro r\u00e9sistant aux intemp\u00e9ries. Ce sac \u00e0 dos est \u00e9quip\u00e9 d'un mat\u00e9riau ext\u00e9rieur en b\u00e2che et en Oxford, ce qui le rend imperm\u00e9able. Avec un volume de 30 litres, il offre beaucoup de place pour tout ce dont tu as besoin. Un compagnon id\u00e9al pour la journ\u00e9e avec des dimensions de L 60cm x l 30cm x H 12 cm.<\/p>","protected":false},"excerpt":{"rendered":"<p>Ebro r\u00e9sistant aux intemp\u00e9ries. Ce sac \u00e0 dos est \u00e9quip\u00e9 d'un mat\u00e9riau ext\u00e9rieur en b\u00e2che et en Oxford, ce qui le rend imperm\u00e9able. Avec un volume de 30 litres, il offre beaucoup de place pour tout ce dont tu as besoin. Un compagnon id\u00e9al pour la journ\u00e9e avec des dimensions de L 60cm x l 30cm x H 12 cm.<\/p>","protected":false},"featured_media":723621,"template":"","meta":[],"product_brand":[],"product_cat":[4195],"product_tag":[],"class_list":{"0":"post-723608","1":"product","2":"type-product","3":"status-publish","4":"has-post-thumbnail","6":"product_cat-rucksaecke-taschen","7":"pa_brand-rukka","8":"pa_brand-type-workwear","9":"pa_filter-color-beige","10":"pa_filter-color-gelb","11":"pa_filter-color-schwarz","13":"first","14":"instock","15":"taxable","16":"shipping-taxable","17":"purchasable","18":"product-type-variable","19":"add-to-wishlist-before_image"},"exclude_global_add_ons":[],"addons":[],"acf":[],"_links":{"self":[{"href":"https:\/\/shop.kustom.ch\/fr\/wp-json\/wp\/v2\/product\/723608"}],"collection":[{"href":"https:\/\/shop.kustom.ch\/fr\/wp-json\/wp\/v2\/product"}],"about":[{"href":"https:\/\/shop.kustom.ch\/fr\/wp-json\/wp\/v2\/types\/product"}],"wp:featuredmedia":[{"embeddable":true,"href":"https:\/\/shop.kustom.ch\/fr\/wp-json\/wp\/v2\/media\/723621"}],"wp:attachment":[{"href":"https:\/\/shop.kustom.ch\/fr\/wp-json\/wp\/v2\/media?parent=723608"}],"wp:term":[{"taxonomy":"product_brand","embeddable":true,"href":"https:\/\/shop.kustom.ch\/fr\/wp-json\/wp\/v2\/product_brand?post=723608"},{"taxonomy":"product_cat","embeddable":true,"href":"https:\/\/shop.kustom.ch\/fr\/wp-json\/wp\/v2\/product_cat?post=723608"},{"taxonomy":"product_tag","embeddable":true,"href":"https:\/\/shop.kustom.ch\/fr\/wp-json\/wp\/v2\/product_tag?post=723608"}],"curies":[{"name":"wp","href":"https:\/\/api.w.org\/{rel}","templated":true}]}}