{"id":723607,"date":"2026-04-01T17:30:43","date_gmt":"2026-04-01T16:30:43","guid":{"rendered":"https:\/\/shop.kustom.ch\/?post_type=product&#038;p=723607"},"modified":"2026-04-01T17:31:10","modified_gmt":"2026-04-01T16:31:10","slug":"allier-rucksack","status":"publish","type":"product","link":"https:\/\/shop.kustom.ch\/fr\/produit\/allier-rucksack\/","title":{"rendered":"Sac \u00e0 dos Allier"},"content":{"rendered":"<p>Allier . Sortir de la maison, se lancer dans les montagnes et atteindre les sommets - ce sac \u00e0 dos t'accompagne volontiers dans ton aventure. Fabriqu\u00e9 \u00e0 partir des restes de nos vestes de pluie, il est particuli\u00e8rement robuste. Avec un volume de 12 litres, il offre suffisamment de place. Le compartiment principal est \u00e9tanche, tandis que les poches lat\u00e9rales sont hydrofuges.<\/p>","protected":false},"excerpt":{"rendered":"<p>Allier . Sortir de la maison, se lancer dans les montagnes et atteindre les sommets - ce sac \u00e0 dos t'accompagne volontiers dans ton aventure. Fabriqu\u00e9 \u00e0 partir des restes de nos vestes de pluie, il est particuli\u00e8rement robuste. Avec un volume de 12 litres, il offre suffisamment de place. Le compartiment principal est \u00e9tanche, tandis que les poches lat\u00e9rales sont hydrofuges.<\/p>","protected":false},"featured_media":723615,"template":"","meta":[],"product_brand":[],"product_cat":[4195],"product_tag":[],"class_list":{"0":"post-723607","1":"product","2":"type-product","3":"status-publish","4":"has-post-thumbnail","6":"product_cat-rucksaecke-taschen","7":"pa_brand-rukka","8":"pa_brand-type-workwear","9":"pa_filter-color-beige","10":"pa_filter-color-gruen","11":"pa_filter-color-schwarz","13":"first","14":"instock","15":"taxable","16":"shipping-taxable","17":"purchasable","18":"product-type-variable","19":"add-to-wishlist-before_image"},"exclude_global_add_ons":[],"addons":[],"acf":[],"_links":{"self":[{"href":"https:\/\/shop.kustom.ch\/fr\/wp-json\/wp\/v2\/product\/723607"}],"collection":[{"href":"https:\/\/shop.kustom.ch\/fr\/wp-json\/wp\/v2\/product"}],"about":[{"href":"https:\/\/shop.kustom.ch\/fr\/wp-json\/wp\/v2\/types\/product"}],"wp:featuredmedia":[{"embeddable":true,"href":"https:\/\/shop.kustom.ch\/fr\/wp-json\/wp\/v2\/media\/723615"}],"wp:attachment":[{"href":"https:\/\/shop.kustom.ch\/fr\/wp-json\/wp\/v2\/media?parent=723607"}],"wp:term":[{"taxonomy":"product_brand","embeddable":true,"href":"https:\/\/shop.kustom.ch\/fr\/wp-json\/wp\/v2\/product_brand?post=723607"},{"taxonomy":"product_cat","embeddable":true,"href":"https:\/\/shop.kustom.ch\/fr\/wp-json\/wp\/v2\/product_cat?post=723607"},{"taxonomy":"product_tag","embeddable":true,"href":"https:\/\/shop.kustom.ch\/fr\/wp-json\/wp\/v2\/product_tag?post=723607"}],"curies":[{"name":"wp","href":"https:\/\/api.w.org\/{rel}","templated":true}]}}