{"id":723591,"date":"2026-04-01T17:20:58","date_gmt":"2026-04-01T16:20:58","guid":{"rendered":"https:\/\/shop.kustom.ch\/?post_type=product&#038;p=723591"},"modified":"2026-04-01T17:21:52","modified_gmt":"2026-04-01T16:21:52","slug":"rhy-kinder-rucksack","status":"publish","type":"product","link":"https:\/\/shop.kustom.ch\/fr\/produit\/rhy-kinder-rucksack\/","title":{"rendered":"Rhy Sac \u00e0 dos pour enfants"},"content":{"rendered":"<p>Rhy . Sortez de la maison, entrez dans les montagnes et montez au sommet - le sac \u00e0 dos Rhy vous accompagne ! Ces sacs \u00e0 dos robustes ont \u00e9t\u00e9 sp\u00e9cialement con\u00e7us pour les enfants et sont fabriqu\u00e9s \u00e0 partir de mat\u00e9riaux r\u00e9siduels de nos vestes de pluie. Avec un volume de rangement de 10 litres, le sac \u00e0 dos Rhy offre suffisamment de place pour tout ce qui est important. Le compartiment principal est \u00e9tanche et les poches lat\u00e9rales sont hydrofuges - id\u00e9al pour chaque aventure dans la nature.<\/p>","protected":false},"excerpt":{"rendered":"<p>Rhy. Raus aus dem Haus, rein in die Berge und rauf zum Gipfel &#x2013; der Rhy-Rucksack ist mit dabei! Die robusten Rucks&auml;cke wurden speziell f&#xFC;r Kinder entwickelt und bestehen aus Restmaterialien unserer Regenjacken. Mit einem Packvolumen von 10 Litern bietet der Rhy-Rucksack ausreichend Platz f&#xFC;r alles Wichtige. Das Hauptfach ist wasserdicht, und die Seitentaschen sind [&hellip;]<\/p>\n","protected":false},"featured_media":723598,"template":"","meta":[],"product_brand":[],"product_cat":[4195],"product_tag":[],"class_list":{"0":"post-723591","1":"product","2":"type-product","3":"status-publish","4":"has-post-thumbnail","6":"product_cat-rucksaecke-taschen","7":"pa_brand-rukka","8":"pa_brand-type-workwear","9":"pa_filter-color-blau","10":"pa_filter-color-gelb","11":"pa_filter-color-rot","12":"pa_filter-color-violet","14":"first","15":"instock","16":"taxable","17":"shipping-taxable","18":"purchasable","19":"product-type-variable","20":"add-to-wishlist-before_image"},"exclude_global_add_ons":[],"addons":[],"acf":[],"_links":{"self":[{"href":"https:\/\/shop.kustom.ch\/fr\/wp-json\/wp\/v2\/product\/723591"}],"collection":[{"href":"https:\/\/shop.kustom.ch\/fr\/wp-json\/wp\/v2\/product"}],"about":[{"href":"https:\/\/shop.kustom.ch\/fr\/wp-json\/wp\/v2\/types\/product"}],"wp:featuredmedia":[{"embeddable":true,"href":"https:\/\/shop.kustom.ch\/fr\/wp-json\/wp\/v2\/media\/723598"}],"wp:attachment":[{"href":"https:\/\/shop.kustom.ch\/fr\/wp-json\/wp\/v2\/media?parent=723591"}],"wp:term":[{"taxonomy":"product_brand","embeddable":true,"href":"https:\/\/shop.kustom.ch\/fr\/wp-json\/wp\/v2\/product_brand?post=723591"},{"taxonomy":"product_cat","embeddable":true,"href":"https:\/\/shop.kustom.ch\/fr\/wp-json\/wp\/v2\/product_cat?post=723591"},{"taxonomy":"product_tag","embeddable":true,"href":"https:\/\/shop.kustom.ch\/fr\/wp-json\/wp\/v2\/product_tag?post=723591"}],"curies":[{"name":"wp","href":"https:\/\/api.w.org\/{rel}","templated":true}]}}