{"id":723590,"date":"2026-04-01T17:20:58","date_gmt":"2026-04-01T16:20:58","guid":{"rendered":"https:\/\/shop.kustom.ch\/?post_type=product&#038;p=723590"},"modified":"2026-04-01T17:21:18","modified_gmt":"2026-04-01T16:21:18","slug":"viktoria-rucksack","status":"publish","type":"product","link":"https:\/\/shop.kustom.ch\/fr\/produit\/viktoria-rucksack\/","title":{"rendered":"Sac \u00e0 dos Viktoria"},"content":{"rendered":"<p>Viktoria est une femme. Sortez de la maison, entrez dans les montagnes et montez jusqu'au sommet. Notre sac \u00e0 dos Viktoria vous accompagne volontiers ! Il est \u00e9quip\u00e9 d'un mat\u00e9riau ext\u00e9rieur RIP-Stop, super l\u00e9ger. Volume de rangement : 20 litres. Le compartiment principal est \u00e9tanche, les poches lat\u00e9rales sont hydrofuges.<\/p>","protected":false},"excerpt":{"rendered":"<p>Viktoria est une femme. Sortez de la maison, entrez dans les montagnes et montez jusqu'au sommet. Notre sac \u00e0 dos Viktoria vous accompagne volontiers ! Il est \u00e9quip\u00e9 d'un mat\u00e9riau ext\u00e9rieur RIP-Stop, super l\u00e9ger. Volume de rangement : 20 litres. Le compartiment principal est \u00e9tanche, les poches lat\u00e9rales sont hydrofuges.<\/p>","protected":false},"featured_media":723592,"template":"","meta":[],"product_brand":[],"product_cat":[4195],"product_tag":[],"class_list":{"0":"post-723590","1":"product","2":"type-product","3":"status-publish","4":"has-post-thumbnail","6":"product_cat-rucksaecke-taschen","7":"pa_brand-rukka","8":"pa_brand-type-workwear","9":"pa_filter-color-grau","10":"pa_filter-color-gruen","11":"pa_filter-color-schwarz","13":"first","14":"instock","15":"taxable","16":"shipping-taxable","17":"purchasable","18":"product-type-variable","19":"add-to-wishlist-before_image"},"exclude_global_add_ons":[],"addons":[],"acf":[],"_links":{"self":[{"href":"https:\/\/shop.kustom.ch\/fr\/wp-json\/wp\/v2\/product\/723590"}],"collection":[{"href":"https:\/\/shop.kustom.ch\/fr\/wp-json\/wp\/v2\/product"}],"about":[{"href":"https:\/\/shop.kustom.ch\/fr\/wp-json\/wp\/v2\/types\/product"}],"wp:featuredmedia":[{"embeddable":true,"href":"https:\/\/shop.kustom.ch\/fr\/wp-json\/wp\/v2\/media\/723592"}],"wp:attachment":[{"href":"https:\/\/shop.kustom.ch\/fr\/wp-json\/wp\/v2\/media?parent=723590"}],"wp:term":[{"taxonomy":"product_brand","embeddable":true,"href":"https:\/\/shop.kustom.ch\/fr\/wp-json\/wp\/v2\/product_brand?post=723590"},{"taxonomy":"product_cat","embeddable":true,"href":"https:\/\/shop.kustom.ch\/fr\/wp-json\/wp\/v2\/product_cat?post=723590"},{"taxonomy":"product_tag","embeddable":true,"href":"https:\/\/shop.kustom.ch\/fr\/wp-json\/wp\/v2\/product_tag?post=723590"}],"curies":[{"name":"wp","href":"https:\/\/api.w.org\/{rel}","templated":true}]}}