{"id":722788,"date":"2026-03-26T09:47:08","date_gmt":"2026-03-26T08:47:08","guid":{"rendered":"https:\/\/shop.kustom.ch\/?post_type=product&#038;p=722788"},"modified":"2026-03-31T09:34:41","modified_gmt":"2026-03-31T08:34:41","slug":"prime-t-shirt-ls-lady","status":"publish","type":"product","link":"https:\/\/shop.kustom.ch\/fr\/produit\/prime-t-shirt-ls-lady\/","title":{"rendered":"Prime T-shirt LS Lady"},"content":{"rendered":"<p>Le T-shirt \u00e0 manches longues Prime est un mod\u00e8le moderne \u00e0 coupe r\u00e9guli\u00e8re, sp\u00e9cialement con\u00e7u pour les travailleurs et offrant un confort optimal gr\u00e2ce \u00e0 ses poignets souples.<\/p>\n<p>Mati\u00e8re : 60 % de coton bio, 40 % de polyester recycl\u00e9<\/p>","protected":false},"excerpt":{"rendered":"<p>Le T-shirt \u00e0 manches longues Prime est un mod\u00e8le moderne \u00e0 coupe r\u00e9guli\u00e8re, sp\u00e9cialement con\u00e7u pour les travailleurs et offrant un confort optimal gr\u00e2ce \u00e0 ses poignets doux. Mati\u00e8re : 60 % de coton biologique, 40 % de polyester recycl\u00e9<\/p>","protected":false},"featured_media":722843,"template":"","meta":[],"product_brand":[],"product_cat":[4201],"product_tag":[],"class_list":{"0":"post-722788","1":"product","2":"type-product","3":"status-publish","4":"has-post-thumbnail","6":"product_cat-t-shirts","7":"pa_brand-printer-prime","8":"pa_brand-type-workwear","9":"pa_filter-color-blau","10":"pa_filter-color-gelb","11":"pa_filter-color-grau","12":"pa_filter-color-rot","13":"pa_filter-color-schwarz","15":"first","16":"instock","17":"sale","18":"taxable","19":"shipping-taxable","20":"purchasable","21":"product-type-variable","22":"add-to-wishlist-before_image"},"exclude_global_add_ons":[],"addons":[],"acf":[],"_links":{"self":[{"href":"https:\/\/shop.kustom.ch\/fr\/wp-json\/wp\/v2\/product\/722788"}],"collection":[{"href":"https:\/\/shop.kustom.ch\/fr\/wp-json\/wp\/v2\/product"}],"about":[{"href":"https:\/\/shop.kustom.ch\/fr\/wp-json\/wp\/v2\/types\/product"}],"wp:featuredmedia":[{"embeddable":true,"href":"https:\/\/shop.kustom.ch\/fr\/wp-json\/wp\/v2\/media\/722843"}],"wp:attachment":[{"href":"https:\/\/shop.kustom.ch\/fr\/wp-json\/wp\/v2\/media?parent=722788"}],"wp:term":[{"taxonomy":"product_brand","embeddable":true,"href":"https:\/\/shop.kustom.ch\/fr\/wp-json\/wp\/v2\/product_brand?post=722788"},{"taxonomy":"product_cat","embeddable":true,"href":"https:\/\/shop.kustom.ch\/fr\/wp-json\/wp\/v2\/product_cat?post=722788"},{"taxonomy":"product_tag","embeddable":true,"href":"https:\/\/shop.kustom.ch\/fr\/wp-json\/wp\/v2\/product_tag?post=722788"}],"curies":[{"name":"wp","href":"https:\/\/api.w.org\/{rel}","templated":true}]}}