{"id":722712,"date":"2026-03-26T09:46:08","date_gmt":"2026-03-26T08:46:08","guid":{"rendered":"https:\/\/shop.kustom.ch\/?post_type=product&#038;p=722712"},"modified":"2026-03-31T09:34:36","modified_gmt":"2026-03-31T08:34:36","slug":"prime-t-shirt-ls","status":"publish","type":"product","link":"https:\/\/shop.kustom.ch\/fr\/produit\/prime-t-shirt-ls\/","title":{"rendered":"T-shirt Prime LS"},"content":{"rendered":"<p>Le T-shirt \u00e0 manches longues Prime est un T-shirt moderne de coupe r\u00e9guli\u00e8re, con\u00e7u pour les travailleurs et offrant un confort gr\u00e2ce \u00e0 ses poignets souples.<\/p>\n<p>Mati\u00e8re : 60 % de coton bio, 40 % de polyester recycl\u00e9<\/p>","protected":false},"excerpt":{"rendered":"<p>Das Prime Langarm-T-Shirt ist ein modernes T-Shirt mit Regular Fit, das f\u00fcr Arbeiter entwickelt wurde und durch weiche B\u00fcndchen an den \u00c4rmeln Komfort bietet. Material: 60 % Bio-Baumwolle, 40 % recyceltes Polyester<\/p>","protected":false},"featured_media":722713,"template":"","meta":[],"product_brand":[],"product_cat":[4201],"product_tag":[],"class_list":{"0":"post-722712","1":"product","2":"type-product","3":"status-publish","4":"has-post-thumbnail","6":"product_cat-t-shirts","7":"pa_brand-printer-prime","8":"pa_brand-type-workwear","9":"pa_filter-color-blau","10":"pa_filter-color-gelb","11":"pa_filter-color-grau","12":"pa_filter-color-rot","13":"pa_filter-color-schwarz","15":"first","16":"instock","17":"sale","18":"taxable","19":"shipping-taxable","20":"purchasable","21":"product-type-variable","22":"add-to-wishlist-before_image"},"exclude_global_add_ons":[],"addons":[],"acf":[],"_links":{"self":[{"href":"https:\/\/shop.kustom.ch\/fr\/wp-json\/wp\/v2\/product\/722712"}],"collection":[{"href":"https:\/\/shop.kustom.ch\/fr\/wp-json\/wp\/v2\/product"}],"about":[{"href":"https:\/\/shop.kustom.ch\/fr\/wp-json\/wp\/v2\/types\/product"}],"wp:featuredmedia":[{"embeddable":true,"href":"https:\/\/shop.kustom.ch\/fr\/wp-json\/wp\/v2\/media\/722713"}],"wp:attachment":[{"href":"https:\/\/shop.kustom.ch\/fr\/wp-json\/wp\/v2\/media?parent=722712"}],"wp:term":[{"taxonomy":"product_brand","embeddable":true,"href":"https:\/\/shop.kustom.ch\/fr\/wp-json\/wp\/v2\/product_brand?post=722712"},{"taxonomy":"product_cat","embeddable":true,"href":"https:\/\/shop.kustom.ch\/fr\/wp-json\/wp\/v2\/product_cat?post=722712"},{"taxonomy":"product_tag","embeddable":true,"href":"https:\/\/shop.kustom.ch\/fr\/wp-json\/wp\/v2\/product_tag?post=722712"}],"curies":[{"name":"wp","href":"https:\/\/api.w.org\/{rel}","templated":true}]}}