{"id":722338,"date":"2026-03-26T09:39:00","date_gmt":"2026-03-26T08:39:00","guid":{"rendered":"https:\/\/shop.kustom.ch\/?post_type=product&#038;p=722338"},"modified":"2026-03-31T09:34:07","modified_gmt":"2026-03-31T08:34:07","slug":"prime-softshell-vest-lady","status":"publish","type":"product","link":"https:\/\/shop.kustom.ch\/fr\/produit\/prime-softshell-vest-lady\/","title":{"rendered":"Gilet Prime Softshell Lady"},"content":{"rendered":"<p>La Prime Softshell Vest poursuit le concept bicolore avec des fermetures \u00e9clair contrast\u00e9es.<br \/>\nIl offre des fonctions pratiques, dont une poche int\u00e9rieure et un \u00e9lastique r\u00e9glable \u00e0 l'int\u00e9rieur de l'ourlet inf\u00e9rieur pour un ajustement personnalis\u00e9.<br \/>\nIl se combine facilement avec d'autres pi\u00e8ces de la collection, comme le T-shirt Prime \u00e0 manches longues ou le Prime Crewneck, pour un look complet.<\/p>\n<p>Mat\u00e9riau : Ext\u00e9rieur : 100 % polyester recycl\u00e9, reli\u00e9 \u00e0 100 % polyester polaire recycl\u00e9, 280 g\/m\u00b2.<br \/>\nDoublure (manches + poches) : 100 % polyester recycl\u00e9, 58 g\/m<br \/>\nNote technique : WP 3000 \/ MVP 3000 - test\u00e9 selon ISO 811:2018 et ASTM E96\/E96M<\/p>","protected":false},"excerpt":{"rendered":"<p>Die Prime Softshell Vest setzt das zweifarbige Konzept mit kontrastierenden Reissverschl\u00fcssen fort. Sie bietet praktische Funktionen, darunter eine Innentasche und einen verstellbaren Gummizug im Inneren des unteren Saums f\u00fcr eine individuelle Passform. Sie l\u00e4sst sich problemlos mit anderen Teilen der Kollektion kombinieren, wie dem Prime Langarm-T-Shirt oder dem Prime Crewneck, f\u00fcr einen kompletten Look. Material: [&hellip;]<\/p>\n","protected":false},"featured_media":722439,"template":"","meta":[],"product_brand":[],"product_cat":[4208],"product_tag":[],"class_list":{"0":"post-722338","1":"product","2":"type-product","3":"status-publish","4":"has-post-thumbnail","6":"product_cat-westen","7":"pa_brand-type-workwear","8":"pa_filter-color-blau","9":"pa_filter-color-gelb","10":"pa_filter-color-grau","11":"pa_filter-color-rot","12":"pa_filter-color-schwarz","14":"first","15":"instock","16":"taxable","17":"shipping-taxable","18":"purchasable","19":"product-type-variable","20":"add-to-wishlist-before_image"},"exclude_global_add_ons":[],"addons":[],"acf":[],"_links":{"self":[{"href":"https:\/\/shop.kustom.ch\/fr\/wp-json\/wp\/v2\/product\/722338"}],"collection":[{"href":"https:\/\/shop.kustom.ch\/fr\/wp-json\/wp\/v2\/product"}],"about":[{"href":"https:\/\/shop.kustom.ch\/fr\/wp-json\/wp\/v2\/types\/product"}],"wp:featuredmedia":[{"embeddable":true,"href":"https:\/\/shop.kustom.ch\/fr\/wp-json\/wp\/v2\/media\/722439"}],"wp:attachment":[{"href":"https:\/\/shop.kustom.ch\/fr\/wp-json\/wp\/v2\/media?parent=722338"}],"wp:term":[{"taxonomy":"product_brand","embeddable":true,"href":"https:\/\/shop.kustom.ch\/fr\/wp-json\/wp\/v2\/product_brand?post=722338"},{"taxonomy":"product_cat","embeddable":true,"href":"https:\/\/shop.kustom.ch\/fr\/wp-json\/wp\/v2\/product_cat?post=722338"},{"taxonomy":"product_tag","embeddable":true,"href":"https:\/\/shop.kustom.ch\/fr\/wp-json\/wp\/v2\/product_tag?post=722338"}],"curies":[{"name":"wp","href":"https:\/\/api.w.org\/{rel}","templated":true}]}}