{"id":722007,"date":"2026-03-26T09:19:47","date_gmt":"2026-03-26T08:19:47","guid":{"rendered":"https:\/\/shop.kustom.ch\/?post_type=product&#038;p=722007"},"modified":"2026-03-31T09:51:15","modified_gmt":"2026-03-31T08:51:15","slug":"airwalk-vest-lady","status":"publish","type":"product","link":"https:\/\/shop.kustom.ch\/fr\/produit\/airwalk-vest-lady\/","title":{"rendered":"Gilet Airwalk Lady"},"content":{"rendered":"<p>Faisant partie de la famille Airwalk Softshell, ce gilet offre le m\u00eame look \u00e9pur\u00e9 avec une respirabilit\u00e9 am\u00e9lior\u00e9e.<br \/>\nFabriqu\u00e9 en trois couches de tissu, dont une membrane fonctionnelle et une doublure chaude en polaire, il assure confort et protection.<br \/>\nAvec sa coupe Regular Fit et ses trois poches zipp\u00e9es facilement accessibles, tu as toujours toutes les choses importantes \u00e0 port\u00e9e de main.<\/p>\n<p>Mat\u00e9riau : Ext\u00e9rieur : 100 % polyester recycl\u00e9, reli\u00e9 \u00e0 100 % polyester polaire recycl\u00e9, 280 g\/m\u00b2.<br \/>\nDoublure (poches) : 100 % polyester recycl\u00e9<br \/>\nNote technique : WP 1000 \/ MVP 700 - test\u00e9 selon ISO 811:2018 et ASTM E96\/E96M<\/p>","protected":false},"excerpt":{"rendered":"<p>Als Teil der Airwalk Softshell-Familie bietet die Weste den gleichen klaren Look mit verbesserter Atmungsaktivit\u00e4t. Gefertigt aus drei Stofflagen, darunter eine funktionale Membran und ein w\u00e4rmendes Fleece-Innenfutter, sorgt sie f\u00fcr Komfort und Schutz. Mit ihrem Regular Fit und drei leicht zug\u00e4nglichen Reissverschlusstaschen hast du alle wichtigen Dinge stets griffbereit. Material: Obermaterial: 100 % recyceltes Polyester, [&hellip;]<\/p>\n","protected":false},"featured_media":722120,"template":"","meta":[],"product_brand":[],"product_cat":[4208],"product_tag":[],"class_list":{"0":"post-722007","1":"product","2":"type-product","3":"status-publish","4":"has-post-thumbnail","6":"product_cat-westen","7":"pa_brand-printer","8":"pa_brand-type-workwear","9":"pa_filter-color-blau","10":"pa_filter-color-rot","11":"pa_filter-color-schwarz","13":"first","14":"instock","15":"sale","16":"taxable","17":"shipping-taxable","18":"purchasable","19":"product-type-variable","20":"add-to-wishlist-before_image"},"exclude_global_add_ons":[],"addons":[],"acf":[],"_links":{"self":[{"href":"https:\/\/shop.kustom.ch\/fr\/wp-json\/wp\/v2\/product\/722007"}],"collection":[{"href":"https:\/\/shop.kustom.ch\/fr\/wp-json\/wp\/v2\/product"}],"about":[{"href":"https:\/\/shop.kustom.ch\/fr\/wp-json\/wp\/v2\/types\/product"}],"wp:featuredmedia":[{"embeddable":true,"href":"https:\/\/shop.kustom.ch\/fr\/wp-json\/wp\/v2\/media\/722120"}],"wp:attachment":[{"href":"https:\/\/shop.kustom.ch\/fr\/wp-json\/wp\/v2\/media?parent=722007"}],"wp:term":[{"taxonomy":"product_brand","embeddable":true,"href":"https:\/\/shop.kustom.ch\/fr\/wp-json\/wp\/v2\/product_brand?post=722007"},{"taxonomy":"product_cat","embeddable":true,"href":"https:\/\/shop.kustom.ch\/fr\/wp-json\/wp\/v2\/product_cat?post=722007"},{"taxonomy":"product_tag","embeddable":true,"href":"https:\/\/shop.kustom.ch\/fr\/wp-json\/wp\/v2\/product_tag?post=722007"}],"curies":[{"name":"wp","href":"https:\/\/api.w.org\/{rel}","templated":true}]}}