{"id":721923,"date":"2026-03-26T09:18:16","date_gmt":"2026-03-26T08:18:16","guid":{"rendered":"https:\/\/shop.kustom.ch\/?post_type=product&#038;p=721923"},"modified":"2026-03-31T09:51:10","modified_gmt":"2026-03-31T08:51:10","slug":"base-vest-lady","status":"publish","type":"product","link":"https:\/\/shop.kustom.ch\/fr\/produit\/base-vest-lady\/","title":{"rendered":"Base Vest Lady"},"content":{"rendered":"<p>D\u00e9couvrez la Base Vest : o\u00f9 la fonctionnalit\u00e9 rencontre le confort et le style.<br \/>\nDot\u00e9e d'une capuche amovible et d'un \u00e9l\u00e9gant motif matelass\u00e9, cette doudoune sans manches s'accorde parfaitement avec un pull, un t-shirt ou une chemise.<br \/>\nCon\u00e7u pour \u00eatre personnalis\u00e9, il offre un espace id\u00e9al sur la poitrine pour laisser votre touche personnelle.<\/p>\n<p>Mat\u00e9riau : Ext\u00e9rieur : 100 % polyamide recycl\u00e9, 38 g\/m\u00b2. Rembourrage : 100 % polyester recycl\u00e9. Doublure : 100 % polyester recycl\u00e9, 37 g\/m\u00b2.<\/p>","protected":false},"excerpt":{"rendered":"<p>Entdecken Sie die Base Vest: Wo Funktionalit\u00e4t auf Komfort und Stil trifft. Mit abnehmbarer Kapuze und elegantem Steppmuster passt diese \u00e4rmellose Daunenjacke perfekt zu einem Pullover, T-Shirt oder Hemd. Entworfen, um personalisiert zu werden, bietet sie auf der Brustfl\u00e4che idealen Platz, um Ihre pers\u00f6nliche Note zu hinterlassen. Material: Obermaterial: 100 % recyceltes Polyamid, 38 g\/m\u00b2. [&hellip;]<\/p>\n","protected":false},"featured_media":722006,"template":"","meta":[],"product_brand":[],"product_cat":[4208],"product_tag":[],"class_list":{"0":"post-721923","1":"product","2":"type-product","3":"status-publish","4":"has-post-thumbnail","6":"product_cat-westen","7":"pa_brand-printer","8":"pa_brand-type-workwear","9":"pa_filter-color-blau","10":"pa_filter-color-grau","11":"pa_filter-color-gruen","12":"pa_filter-color-rot","13":"pa_filter-color-schwarz","14":"pa_filter-color-weiss","16":"first","17":"instock","18":"sale","19":"taxable","20":"shipping-taxable","21":"purchasable","22":"product-type-variable","23":"add-to-wishlist-before_image"},"exclude_global_add_ons":[],"addons":[],"acf":[],"_links":{"self":[{"href":"https:\/\/shop.kustom.ch\/fr\/wp-json\/wp\/v2\/product\/721923"}],"collection":[{"href":"https:\/\/shop.kustom.ch\/fr\/wp-json\/wp\/v2\/product"}],"about":[{"href":"https:\/\/shop.kustom.ch\/fr\/wp-json\/wp\/v2\/types\/product"}],"wp:featuredmedia":[{"embeddable":true,"href":"https:\/\/shop.kustom.ch\/fr\/wp-json\/wp\/v2\/media\/722006"}],"wp:attachment":[{"href":"https:\/\/shop.kustom.ch\/fr\/wp-json\/wp\/v2\/media?parent=721923"}],"wp:term":[{"taxonomy":"product_brand","embeddable":true,"href":"https:\/\/shop.kustom.ch\/fr\/wp-json\/wp\/v2\/product_brand?post=721923"},{"taxonomy":"product_cat","embeddable":true,"href":"https:\/\/shop.kustom.ch\/fr\/wp-json\/wp\/v2\/product_cat?post=721923"},{"taxonomy":"product_tag","embeddable":true,"href":"https:\/\/shop.kustom.ch\/fr\/wp-json\/wp\/v2\/product_tag?post=721923"}],"curies":[{"name":"wp","href":"https:\/\/api.w.org\/{rel}","templated":true}]}}