{"id":721075,"date":"2026-03-24T21:19:15","date_gmt":"2026-03-24T20:19:15","guid":{"rendered":"https:\/\/shop.kustom.ch\/?post_type=product&#038;p=721075"},"modified":"2026-03-24T21:24:09","modified_gmt":"2026-03-24T20:24:09","slug":"classic-reversible-beanie","status":"publish","type":"product","link":"https:\/\/shop.kustom.ch\/fr\/produit\/classic-reversible-beanie\/","title":{"rendered":"BONNET R\u00c9VERSIBLE CLASSIQUE"},"content":{"rendered":"<p>Notre bonnet tricot\u00e9 Classic Reversible vous tient merveilleusement chaud. Son profil bas assure une coupe ajust\u00e9e et le bonnet peut \u00eatre port\u00e9 sous un casque ou une capuche. Le contraste des couleurs et le logo discret assurent une bonne visibilit\u00e9 et un style raffin\u00e9. Avec un bonnet r\u00e9versible, vous avez deux bonnets en un.<\/p>\n<p>Coupe : Regular \/ Normale<\/p>\n<p>Mati\u00e8re principale : 95 % polyester recycl\u00e9, 4 % polyamide, 1 % \u00e9lasthanne<\/p>","protected":false},"excerpt":{"rendered":"<p>- Bonnet tricot\u00e9 r\u00e9versible<br \/>- Logo HH Workwear<br \/>- Mat\u00e9riau recycl\u00e9<\/p>","protected":false},"featured_media":721168,"template":"","meta":[],"product_brand":[],"product_cat":[4177],"product_tag":[],"class_list":{"0":"post-721075","1":"product","2":"type-product","3":"status-publish","4":"has-post-thumbnail","6":"product_cat-caps-muetzen","7":"pa_brand-helly-hansen","8":"pa_brand-type-workwear","9":"pa_filter-color-blau","10":"pa_filter-color-grau","11":"pa_filter-color-pink","12":"pa_filter-color-schwarz","14":"first","15":"instock","16":"sale","17":"taxable","18":"shipping-taxable","19":"purchasable","20":"product-type-variable","21":"add-to-wishlist-before_image"},"exclude_global_add_ons":[],"addons":[],"acf":[],"_links":{"self":[{"href":"https:\/\/shop.kustom.ch\/fr\/wp-json\/wp\/v2\/product\/721075"}],"collection":[{"href":"https:\/\/shop.kustom.ch\/fr\/wp-json\/wp\/v2\/product"}],"about":[{"href":"https:\/\/shop.kustom.ch\/fr\/wp-json\/wp\/v2\/types\/product"}],"wp:featuredmedia":[{"embeddable":true,"href":"https:\/\/shop.kustom.ch\/fr\/wp-json\/wp\/v2\/media\/721168"}],"wp:attachment":[{"href":"https:\/\/shop.kustom.ch\/fr\/wp-json\/wp\/v2\/media?parent=721075"}],"wp:term":[{"taxonomy":"product_brand","embeddable":true,"href":"https:\/\/shop.kustom.ch\/fr\/wp-json\/wp\/v2\/product_brand?post=721075"},{"taxonomy":"product_cat","embeddable":true,"href":"https:\/\/shop.kustom.ch\/fr\/wp-json\/wp\/v2\/product_cat?post=721075"},{"taxonomy":"product_tag","embeddable":true,"href":"https:\/\/shop.kustom.ch\/fr\/wp-json\/wp\/v2\/product_tag?post=721075"}],"curies":[{"name":"wp","href":"https:\/\/api.w.org\/{rel}","templated":true}]}}