{"id":721068,"date":"2026-03-24T21:18:50","date_gmt":"2026-03-24T20:18:50","guid":{"rendered":"https:\/\/shop.kustom.ch\/?post_type=product&#038;p=721068"},"modified":"2026-03-24T21:23:44","modified_gmt":"2026-03-24T20:23:44","slug":"classic-logo-cuff-beanie","status":"publish","type":"product","link":"https:\/\/shop.kustom.ch\/fr\/produit\/classic-logo-cuff-beanie\/","title":{"rendered":"CLASSIC LOGO CUFF BONNET"},"content":{"rendered":"<p>Le bonnet Helly Hansen Classic Beanie est le bonnet tricot\u00e9 parfait sur les chantiers et pour les aventures du week-end. La coupe ajust\u00e9e et le mat\u00e9riau tricot\u00e9 chaud gardent les oreilles au chaud et prot\u00e9g\u00e9es les jours de grand froid. Le revers est orn\u00e9 d'un logo discret de couleur assortie sur le devant. 100 % acrylique et lavable en machine pour un entretien facile.<\/p>\n<p>Coupe : Regular \/ Normale<\/p>\n<p>Mati\u00e8re principale 591, 931, 991 : 99 % polyester recycl\u00e9, 1 % \u00e9lasthanne<br \/>\nMat\u00e9riau principal 590, 930, 990 : 100 % acrylique<\/p>","protected":false},"excerpt":{"rendered":"<p>- Bonnet tricot\u00e9<br \/>- Logos aux couleurs assorties<br \/>- Mat\u00e9riau recycl\u00e9<\/p>","protected":false},"featured_media":721155,"template":"","meta":[],"product_brand":[],"product_cat":[4177],"product_tag":[],"class_list":{"0":"post-721068","1":"product","2":"type-product","3":"status-publish","4":"has-post-thumbnail","6":"product_cat-caps-muetzen","7":"pa_brand-helly-hansen","8":"pa_brand-type-workwear","9":"pa_filter-color-blau","10":"pa_filter-color-grau","11":"pa_filter-color-schwarz","13":"first","14":"instock","15":"sale","16":"taxable","17":"shipping-taxable","18":"purchasable","19":"product-type-variable","20":"add-to-wishlist-before_image"},"exclude_global_add_ons":[],"addons":[],"acf":[],"_links":{"self":[{"href":"https:\/\/shop.kustom.ch\/fr\/wp-json\/wp\/v2\/product\/721068"}],"collection":[{"href":"https:\/\/shop.kustom.ch\/fr\/wp-json\/wp\/v2\/product"}],"about":[{"href":"https:\/\/shop.kustom.ch\/fr\/wp-json\/wp\/v2\/types\/product"}],"wp:featuredmedia":[{"embeddable":true,"href":"https:\/\/shop.kustom.ch\/fr\/wp-json\/wp\/v2\/media\/721155"}],"wp:attachment":[{"href":"https:\/\/shop.kustom.ch\/fr\/wp-json\/wp\/v2\/media?parent=721068"}],"wp:term":[{"taxonomy":"product_brand","embeddable":true,"href":"https:\/\/shop.kustom.ch\/fr\/wp-json\/wp\/v2\/product_brand?post=721068"},{"taxonomy":"product_cat","embeddable":true,"href":"https:\/\/shop.kustom.ch\/fr\/wp-json\/wp\/v2\/product_cat?post=721068"},{"taxonomy":"product_tag","embeddable":true,"href":"https:\/\/shop.kustom.ch\/fr\/wp-json\/wp\/v2\/product_tag?post=721068"}],"curies":[{"name":"wp","href":"https:\/\/api.w.org\/{rel}","templated":true}]}}