{"id":721061,"date":"2026-03-24T21:18:26","date_gmt":"2026-03-24T20:18:26","guid":{"rendered":"https:\/\/shop.kustom.ch\/?post_type=product&#038;p=721061"},"modified":"2026-03-25T08:52:23","modified_gmt":"2026-03-25T07:52:23","slug":"oxford-light-fleece-neck","status":"publish","type":"product","link":"https:\/\/shop.kustom.ch\/fr\/produit\/oxford-light-fleece-neck\/","title":{"rendered":"OXFORD LIGHT FLEECE NECK"},"content":{"rendered":"<p>Avec sa mati\u00e8re polaire enti\u00e8rement \u00e9lastique, l'Oxford Neck Gaiter garde votre cou agr\u00e9ablement au chaud. Fabriqu\u00e9 \u00e0 partir de polaire recycl\u00e9e par Polartec, ce chauffe-cou est un bon choix, non seulement pour vous, mais aussi pour l'environnement.<\/p>\n<p>Coupe : Regular \/ Normale<\/p>\n<p>Mat\u00e9riau : Mat\u00e9riau principal : 100 % polyester recycl\u00e9 - 159 g\/m\u00b2.<\/p>","protected":false},"excerpt":{"rendered":"<p>- Polartec<br \/>- Coutures flatlock pour un confort suppl\u00e9mentaire<br \/>- Mat\u00e9riau recycl\u00e9<br \/>- produit bluesign<\/p>","protected":false},"featured_media":721152,"template":"","meta":[],"product_brand":[],"product_cat":[4209],"product_tag":[],"class_list":{"0":"post-721061","1":"product","2":"type-product","3":"status-publish","4":"has-post-thumbnail","6":"product_cat-zubehoer","7":"pa_brand-helly-hansen","8":"pa_brand-type-workwear","9":"pa_filter-color-schwarz","11":"first","12":"instock","13":"sale","14":"taxable","15":"shipping-taxable","16":"purchasable","17":"product-type-variable","18":"add-to-wishlist-before_image"},"exclude_global_add_ons":[],"addons":[],"acf":[],"_links":{"self":[{"href":"https:\/\/shop.kustom.ch\/fr\/wp-json\/wp\/v2\/product\/721061"}],"collection":[{"href":"https:\/\/shop.kustom.ch\/fr\/wp-json\/wp\/v2\/product"}],"about":[{"href":"https:\/\/shop.kustom.ch\/fr\/wp-json\/wp\/v2\/types\/product"}],"wp:featuredmedia":[{"embeddable":true,"href":"https:\/\/shop.kustom.ch\/fr\/wp-json\/wp\/v2\/media\/721152"}],"wp:attachment":[{"href":"https:\/\/shop.kustom.ch\/fr\/wp-json\/wp\/v2\/media?parent=721061"}],"wp:term":[{"taxonomy":"product_brand","embeddable":true,"href":"https:\/\/shop.kustom.ch\/fr\/wp-json\/wp\/v2\/product_brand?post=721061"},{"taxonomy":"product_cat","embeddable":true,"href":"https:\/\/shop.kustom.ch\/fr\/wp-json\/wp\/v2\/product_cat?post=721061"},{"taxonomy":"product_tag","embeddable":true,"href":"https:\/\/shop.kustom.ch\/fr\/wp-json\/wp\/v2\/product_tag?post=721061"}],"curies":[{"name":"wp","href":"https:\/\/api.w.org\/{rel}","templated":true}]}}