{"id":721038,"date":"2026-03-24T21:17:31","date_gmt":"2026-03-24T20:17:31","guid":{"rendered":"https:\/\/shop.kustom.ch\/?post_type=product&#038;p=721038"},"modified":"2026-03-24T21:22:04","modified_gmt":"2026-03-24T20:22:04","slug":"classic-wool-cuff-beanie","status":"publish","type":"product","link":"https:\/\/shop.kustom.ch\/fr\/produit\/classic-wool-cuff-beanie\/","title":{"rendered":"BONNET CLASSIQUE EN LAINE"},"content":{"rendered":"<p>Le confort rencontre le style - le bonnet Classic est fabriqu\u00e9 en 100 % de laine et garde votre t\u00eate et vos oreilles bien au chaud, m\u00eame les jours les plus froids.<\/p>\n<p>Coupe : Regular \/ Normale<\/p>\n<p>Mat\u00e9riau : Mat\u00e9riau principal : 80 % laine d'agneau, 20 % nylon<br \/>Doublure : 100 % polyester<\/p>","protected":false},"excerpt":{"rendered":"<p>- Bonnet tricot\u00e9<br \/>- Logo HH Workwear<br \/>- bandeau frontal en polaire pour plus de chaleur<\/p>","protected":false},"featured_media":721126,"template":"","meta":[],"product_brand":[],"product_cat":[4177],"product_tag":[],"class_list":{"0":"post-721038","1":"product","2":"type-product","3":"status-publish","4":"has-post-thumbnail","6":"product_cat-caps-muetzen","7":"pa_brand-helly-hansen","8":"pa_brand-type-workwear","9":"pa_filter-color-blau","10":"pa_filter-color-grau","11":"pa_filter-color-schwarz","13":"first","14":"instock","15":"sale","16":"taxable","17":"shipping-taxable","18":"purchasable","19":"product-type-variable","20":"add-to-wishlist-before_image"},"exclude_global_add_ons":[],"addons":[],"acf":[],"_links":{"self":[{"href":"https:\/\/shop.kustom.ch\/fr\/wp-json\/wp\/v2\/product\/721038"}],"collection":[{"href":"https:\/\/shop.kustom.ch\/fr\/wp-json\/wp\/v2\/product"}],"about":[{"href":"https:\/\/shop.kustom.ch\/fr\/wp-json\/wp\/v2\/types\/product"}],"wp:featuredmedia":[{"embeddable":true,"href":"https:\/\/shop.kustom.ch\/fr\/wp-json\/wp\/v2\/media\/721126"}],"wp:attachment":[{"href":"https:\/\/shop.kustom.ch\/fr\/wp-json\/wp\/v2\/media?parent=721038"}],"wp:term":[{"taxonomy":"product_brand","embeddable":true,"href":"https:\/\/shop.kustom.ch\/fr\/wp-json\/wp\/v2\/product_brand?post=721038"},{"taxonomy":"product_cat","embeddable":true,"href":"https:\/\/shop.kustom.ch\/fr\/wp-json\/wp\/v2\/product_cat?post=721038"},{"taxonomy":"product_tag","embeddable":true,"href":"https:\/\/shop.kustom.ch\/fr\/wp-json\/wp\/v2\/product_tag?post=721038"}],"curies":[{"name":"wp","href":"https:\/\/api.w.org\/{rel}","templated":true}]}}