{"id":721011,"date":"2026-03-24T21:16:40","date_gmt":"2026-03-24T20:16:40","guid":{"rendered":"https:\/\/shop.kustom.ch\/?post_type=product&#038;p=721011"},"modified":"2026-03-25T08:41:58","modified_gmt":"2026-03-25T07:41:58","slug":"w-alna-2-0-maternity-extension","status":"publish","type":"product","link":"https:\/\/shop.kustom.ch\/fr\/produit\/w-alna-2-0-maternity-extension\/","title":{"rendered":"W ALNA 2.0 EXTENSION DE MATERNIT\u00c9"},"content":{"rendered":"<p>Coupe : Regular \/ Normale<\/p>\n<p>Mati\u00e8re : Ext\u00e9rieur : 100 Polyester % - 215 g\/m\u00b2.<\/p>","protected":false},"excerpt":{"rendered":"<p>- EN ISO 20471:2013 : 2 ; en combinaison avec 71398, 71294<br \/>\n- EN 343:2019 : 3, 3, X ; en combinaison avec 71398, 71294<br \/>\n- fermeture \u00e0 glissi\u00e8re YKK<br \/>\n- Les fils AMANN<br \/>\n- fermeture \u00e0 glissi\u00e8re YKK\u00ae et points de fixation pour les fermetures \u00e0 glissi\u00e8re afin de permettre la compatibilit\u00e9 avec toutes les tailles de vestes disponibles<\/p>","protected":false},"featured_media":721096,"template":"","meta":[],"product_brand":[],"product_cat":[4209],"product_tag":[],"class_list":{"0":"post-721011","1":"product","2":"type-product","3":"status-publish","4":"has-post-thumbnail","6":"product_cat-zubehoer","7":"pa_brand-helly-hansen","8":"pa_brand-type-workwear","9":"pa_filter-color-gelb","11":"first","12":"instock","13":"sale","14":"taxable","15":"shipping-taxable","16":"purchasable","17":"product-type-variable","18":"add-to-wishlist-before_image"},"exclude_global_add_ons":[],"addons":[],"acf":[],"_links":{"self":[{"href":"https:\/\/shop.kustom.ch\/fr\/wp-json\/wp\/v2\/product\/721011"}],"collection":[{"href":"https:\/\/shop.kustom.ch\/fr\/wp-json\/wp\/v2\/product"}],"about":[{"href":"https:\/\/shop.kustom.ch\/fr\/wp-json\/wp\/v2\/types\/product"}],"wp:featuredmedia":[{"embeddable":true,"href":"https:\/\/shop.kustom.ch\/fr\/wp-json\/wp\/v2\/media\/721096"}],"wp:attachment":[{"href":"https:\/\/shop.kustom.ch\/fr\/wp-json\/wp\/v2\/media?parent=721011"}],"wp:term":[{"taxonomy":"product_brand","embeddable":true,"href":"https:\/\/shop.kustom.ch\/fr\/wp-json\/wp\/v2\/product_brand?post=721011"},{"taxonomy":"product_cat","embeddable":true,"href":"https:\/\/shop.kustom.ch\/fr\/wp-json\/wp\/v2\/product_cat?post=721011"},{"taxonomy":"product_tag","embeddable":true,"href":"https:\/\/shop.kustom.ch\/fr\/wp-json\/wp\/v2\/product_tag?post=721011"}],"curies":[{"name":"wp","href":"https:\/\/api.w.org\/{rel}","templated":true}]}}