{"id":721010,"date":"2026-03-24T21:16:40","date_gmt":"2026-03-24T20:16:40","guid":{"rendered":"https:\/\/shop.kustom.ch\/?post_type=product&#038;p=721010"},"modified":"2026-03-24T21:20:25","modified_gmt":"2026-03-24T20:20:25","slug":"addvis-performance-cap","status":"publish","type":"product","link":"https:\/\/shop.kustom.ch\/fr\/produit\/addvis-performance-cap\/","title":{"rendered":"ADDVIS PERFORMANCE CAP"},"content":{"rendered":"<p>La casquette ADDVIS Performance Cap est une casquette de s\u00e9curit\u00e9 avec toutes les grandes caract\u00e9ristiques de la Tech Performance Cap, plus la s\u00e9curit\u00e9 suppl\u00e9mentaire des mat\u00e9riaux de s\u00e9curit\u00e9. Une sangle r\u00e9glable par velcro et des trous d'a\u00e9ration d\u00e9coup\u00e9s au laser \u00e0 l'arri\u00e8re assurent le confort. Prot\u00e9gez vos yeux et votre visage avec la visi\u00e8re antichoc qui prot\u00e8ge vos yeux des \u00e9l\u00e9ments. La casquette haute visibilit\u00e9 est compos\u00e9e \u00e0 100 % de polyester recycl\u00e9 et dispose \u00e9galement de d\u00e9tails r\u00e9fl\u00e9chissants \u00e0 l'arri\u00e8re pour que vous soyez mieux vu de tous les c\u00f4t\u00e9s. La casquette ADDVIS Performance vous permet de bien voir et d'\u00eatre bien vu au travail.<\/p>\n<p>Mat\u00e9riau : Mat\u00e9riau principal : 100 % polyester recycl\u00e9<\/p>","protected":false},"excerpt":{"rendered":"<p>- bord amortissant les chocs<br \/>- Trous d'a\u00e9ration d\u00e9coup\u00e9s au laser \u00e0 l'arri\u00e8re<br \/>- D\u00e9tails de design r\u00e9fl\u00e9chissants<br \/>- fermeture velcro au dos pour un ajustement personnalis\u00e9<\/p>","protected":false},"featured_media":721093,"template":"","meta":[],"product_brand":[],"product_cat":[4177],"product_tag":[],"class_list":{"0":"post-721010","1":"product","2":"type-product","3":"status-publish","4":"has-post-thumbnail","6":"product_cat-caps-muetzen","7":"pa_brand-helly-hansen","8":"pa_brand-type-workwear","9":"pa_filter-color-orange","11":"first","12":"instock","13":"sale","14":"taxable","15":"shipping-taxable","16":"purchasable","17":"product-type-variable","18":"add-to-wishlist-before_image"},"exclude_global_add_ons":[],"addons":[],"acf":[],"_links":{"self":[{"href":"https:\/\/shop.kustom.ch\/fr\/wp-json\/wp\/v2\/product\/721010"}],"collection":[{"href":"https:\/\/shop.kustom.ch\/fr\/wp-json\/wp\/v2\/product"}],"about":[{"href":"https:\/\/shop.kustom.ch\/fr\/wp-json\/wp\/v2\/types\/product"}],"wp:featuredmedia":[{"embeddable":true,"href":"https:\/\/shop.kustom.ch\/fr\/wp-json\/wp\/v2\/media\/721093"}],"wp:attachment":[{"href":"https:\/\/shop.kustom.ch\/fr\/wp-json\/wp\/v2\/media?parent=721010"}],"wp:term":[{"taxonomy":"product_brand","embeddable":true,"href":"https:\/\/shop.kustom.ch\/fr\/wp-json\/wp\/v2\/product_brand?post=721010"},{"taxonomy":"product_cat","embeddable":true,"href":"https:\/\/shop.kustom.ch\/fr\/wp-json\/wp\/v2\/product_cat?post=721010"},{"taxonomy":"product_tag","embeddable":true,"href":"https:\/\/shop.kustom.ch\/fr\/wp-json\/wp\/v2\/product_tag?post=721010"}],"curies":[{"name":"wp","href":"https:\/\/api.w.org\/{rel}","templated":true}]}}