{"id":720995,"date":"2026-03-24T21:16:13","date_gmt":"2026-03-24T20:16:13","guid":{"rendered":"https:\/\/shop.kustom.ch\/?post_type=product&#038;p=720995"},"modified":"2026-03-24T21:20:01","modified_gmt":"2026-03-24T20:20:01","slug":"tech-performance-cap","status":"publish","type":"product","link":"https:\/\/shop.kustom.ch\/fr\/produit\/tech-performance-cap\/","title":{"rendered":"TECH PERFORMANCE CAP"},"content":{"rendered":"<p>\u00c0 la recherche d'une casquette avec des d\u00e9tails de conception sp\u00e9cifiques pour les v\u00eatements de travail ? La casquette Tech Performance est dot\u00e9e d'une visi\u00e8re antichoc pour vous offrir plus de protection qu'une casquette standard. Prot\u00e9gez vos yeux et votre visage du soleil et de la pluie lorsque vous travaillez. Le r\u00e9glage par bouton-pression \u00e0 l'arri\u00e8re assure un ajustement s\u00fbr et confortable, et les trous d'a\u00e9ration d\u00e9coup\u00e9s au laser aident \u00e0 r\u00e9guler la temp\u00e9rature. La casquette Tech Performance est fabriqu\u00e9e \u00e0 100 % en polyester recycl\u00e9 et s'inscrit dans notre engagement pour un design tourn\u00e9 vers l'avenir.<\/p>\n<p>Mat\u00e9riau : mat\u00e9riau principal : 100 % polyester<\/p>","protected":false},"excerpt":{"rendered":"<p>- bord amortissant les chocs<br \/>- Trous d'a\u00e9ration d\u00e9coup\u00e9s au laser \u00e0 l'arri\u00e8re<br \/>- Avec r\u00e9glage snapback pour vous offrir un ajustement parfait<\/p>","protected":false},"featured_media":721084,"template":"","meta":[],"product_brand":[],"product_cat":[4177],"product_tag":[],"class_list":{"0":"post-720995","1":"product","2":"type-product","3":"status-publish","4":"has-post-thumbnail","6":"product_cat-caps-muetzen","7":"pa_brand-helly-hansen","8":"pa_brand-type-workwear","9":"pa_filter-color-blau","10":"pa_filter-color-schwarz","12":"first","13":"instock","14":"sale","15":"taxable","16":"shipping-taxable","17":"purchasable","18":"product-type-variable","19":"add-to-wishlist-before_image"},"exclude_global_add_ons":[],"addons":[],"acf":[],"_links":{"self":[{"href":"https:\/\/shop.kustom.ch\/fr\/wp-json\/wp\/v2\/product\/720995"}],"collection":[{"href":"https:\/\/shop.kustom.ch\/fr\/wp-json\/wp\/v2\/product"}],"about":[{"href":"https:\/\/shop.kustom.ch\/fr\/wp-json\/wp\/v2\/types\/product"}],"wp:featuredmedia":[{"embeddable":true,"href":"https:\/\/shop.kustom.ch\/fr\/wp-json\/wp\/v2\/media\/721084"}],"wp:attachment":[{"href":"https:\/\/shop.kustom.ch\/fr\/wp-json\/wp\/v2\/media?parent=720995"}],"wp:term":[{"taxonomy":"product_brand","embeddable":true,"href":"https:\/\/shop.kustom.ch\/fr\/wp-json\/wp\/v2\/product_brand?post=720995"},{"taxonomy":"product_cat","embeddable":true,"href":"https:\/\/shop.kustom.ch\/fr\/wp-json\/wp\/v2\/product_cat?post=720995"},{"taxonomy":"product_tag","embeddable":true,"href":"https:\/\/shop.kustom.ch\/fr\/wp-json\/wp\/v2\/product_tag?post=720995"}],"curies":[{"name":"wp","href":"https:\/\/api.w.org\/{rel}","templated":true}]}}