{"id":720980,"date":"2026-03-24T21:15:24","date_gmt":"2026-03-24T20:15:24","guid":{"rendered":"https:\/\/shop.kustom.ch\/?post_type=product&#038;p=720980"},"modified":"2026-03-24T21:19:13","modified_gmt":"2026-03-24T20:19:13","slug":"fyre-beanie","status":"publish","type":"product","link":"https:\/\/shop.kustom.ch\/fr\/produit\/fyre-beanie\/","title":{"rendered":"FYRE BEANIE"},"content":{"rendered":"<p>Coupe : Regular \/ Normale<\/p>\n<p>Mat\u00e9riau : Ext\u00e9rieur : 59 % modacrylique, 39 % coton, 2 % antistatique, 250g\/m\u00b2.<\/p>","protected":false},"excerpt":{"rendered":"<p>- EN ISO 14116:2015 : indice 3<br \/>- EN 1149-5:2018<br \/>- Le mat\u00e9riau est conforme aux exigences de la norme IEC 61482-2:2018, ELIM 7,3 cal\/cm2.<br \/>- Les fils AMANN<br \/>- Coutures flatlock pour un confort suppl\u00e9mentaire<br \/>- D\u00e9tails de design r\u00e9fl\u00e9chissants<\/p>","protected":false},"featured_media":721071,"template":"","meta":[],"product_brand":[],"product_cat":[4177],"product_tag":[],"class_list":{"0":"post-720980","1":"product","2":"type-product","3":"status-publish","4":"has-post-thumbnail","6":"product_cat-caps-muetzen","7":"pa_brand-helly-hansen","8":"pa_brand-type-workwear","9":"pa_filter-color-grau","11":"first","12":"instock","13":"sale","14":"taxable","15":"shipping-taxable","16":"purchasable","17":"product-type-variable","18":"add-to-wishlist-before_image"},"exclude_global_add_ons":[],"addons":[],"acf":[],"_links":{"self":[{"href":"https:\/\/shop.kustom.ch\/fr\/wp-json\/wp\/v2\/product\/720980"}],"collection":[{"href":"https:\/\/shop.kustom.ch\/fr\/wp-json\/wp\/v2\/product"}],"about":[{"href":"https:\/\/shop.kustom.ch\/fr\/wp-json\/wp\/v2\/types\/product"}],"wp:featuredmedia":[{"embeddable":true,"href":"https:\/\/shop.kustom.ch\/fr\/wp-json\/wp\/v2\/media\/721071"}],"wp:attachment":[{"href":"https:\/\/shop.kustom.ch\/fr\/wp-json\/wp\/v2\/media?parent=720980"}],"wp:term":[{"taxonomy":"product_brand","embeddable":true,"href":"https:\/\/shop.kustom.ch\/fr\/wp-json\/wp\/v2\/product_brand?post=720980"},{"taxonomy":"product_cat","embeddable":true,"href":"https:\/\/shop.kustom.ch\/fr\/wp-json\/wp\/v2\/product_cat?post=720980"},{"taxonomy":"product_tag","embeddable":true,"href":"https:\/\/shop.kustom.ch\/fr\/wp-json\/wp\/v2\/product_tag?post=720980"}],"curies":[{"name":"wp","href":"https:\/\/api.w.org\/{rel}","templated":true}]}}