{"id":720971,"date":"2026-03-24T21:14:58","date_gmt":"2026-03-24T20:14:58","guid":{"rendered":"https:\/\/shop.kustom.ch\/?post_type=product&#038;p=720971"},"modified":"2026-03-25T08:39:50","modified_gmt":"2026-03-25T07:39:50","slug":"hh-lifa-merino-balaclava","status":"publish","type":"product","link":"https:\/\/shop.kustom.ch\/fr\/produit\/hh-lifa-merino-balaclava\/","title":{"rendered":"HH LIFA MERINO BALACLAVA"},"content":{"rendered":"<p>La cagoule Lifa\u00ae Merino assure un confort optimal, m\u00eame dans les conditions hivernales les plus rudes. Les coutures flatlock \u00e9vitent les points de frottement potentiels et assurent une coupe ajust\u00e9e. La cagoule peut \u00eatre port\u00e9e seule ou sous des v\u00eatements de protection. La technologie Lifa\u00ae de Helly Hansen \u00e9vacue l'humidit\u00e9 de la peau, tandis que le mat\u00e9riau \u00e0 double couche vous garde au chaud. Cette cagoule protectrice en laine m\u00e9rinos est le compl\u00e9ment parfait de tout v\u00eatement de travail outdoor.<\/p>\n<p>Coupe : Regular \/ Normale<\/p>\n<p>Mati\u00e8re : Tissu principal : 57 % Merino, 43 % Polypropyl\u00e8ne - 215 g\/m\u00b2.<\/p>","protected":false},"excerpt":{"rendered":"<p>- LIFA\u00ae MERINO<br \/>- Technologie Lifa Stay Warm<br \/>- Coutures flatlock pour un confort suppl\u00e9mentaire<br \/>- Laine ZQ<\/p>","protected":false},"featured_media":721059,"template":"","meta":[],"product_brand":[],"product_cat":[4209],"product_tag":[],"class_list":{"0":"post-720971","1":"product","2":"type-product","3":"status-publish","4":"has-post-thumbnail","6":"product_cat-zubehoer","7":"pa_brand-helly-hansen","8":"pa_brand-type-workwear","9":"pa_filter-color-schwarz","11":"first","12":"instock","13":"sale","14":"taxable","15":"shipping-taxable","16":"purchasable","17":"product-type-variable","18":"add-to-wishlist-before_image"},"exclude_global_add_ons":[],"addons":[],"acf":[],"_links":{"self":[{"href":"https:\/\/shop.kustom.ch\/fr\/wp-json\/wp\/v2\/product\/720971"}],"collection":[{"href":"https:\/\/shop.kustom.ch\/fr\/wp-json\/wp\/v2\/product"}],"about":[{"href":"https:\/\/shop.kustom.ch\/fr\/wp-json\/wp\/v2\/types\/product"}],"wp:featuredmedia":[{"embeddable":true,"href":"https:\/\/shop.kustom.ch\/fr\/wp-json\/wp\/v2\/media\/721059"}],"wp:attachment":[{"href":"https:\/\/shop.kustom.ch\/fr\/wp-json\/wp\/v2\/media?parent=720971"}],"wp:term":[{"taxonomy":"product_brand","embeddable":true,"href":"https:\/\/shop.kustom.ch\/fr\/wp-json\/wp\/v2\/product_brand?post=720971"},{"taxonomy":"product_cat","embeddable":true,"href":"https:\/\/shop.kustom.ch\/fr\/wp-json\/wp\/v2\/product_cat?post=720971"},{"taxonomy":"product_tag","embeddable":true,"href":"https:\/\/shop.kustom.ch\/fr\/wp-json\/wp\/v2\/product_tag?post=720971"}],"curies":[{"name":"wp","href":"https:\/\/api.w.org\/{rel}","templated":true}]}}