{"id":720963,"date":"2026-03-24T21:14:31","date_gmt":"2026-03-24T20:14:31","guid":{"rendered":"https:\/\/shop.kustom.ch\/?post_type=product&#038;p=720963"},"modified":"2026-03-25T08:40:30","modified_gmt":"2026-03-25T07:40:30","slug":"hh-lifa-merino-neck","status":"publish","type":"product","link":"https:\/\/shop.kustom.ch\/fr\/produit\/hh-lifa-merino-neck\/","title":{"rendered":"HH LIFA MERINO NECK"},"content":{"rendered":"<p>Ce cache-cou en laine m\u00e9rinos est dot\u00e9 de la technologie Lifa\u00ae Stay Warm de Helly Hansen, qui permet d'obtenir un mat\u00e9riau l\u00e9ger, respirant et \u00e9vacuant l'humidit\u00e9. La laine m\u00e9rinos isolante te garde au chaud. Les coutures flatlock assurent une coupe fine et confortable.<\/p>\n<p>Coupe : Regular \/ Normale<\/p>\n<p>Mati\u00e8re : Tissu principal : 57 % Merino, 43 % Polypropyl\u00e8ne - 215 g\/m\u00b2.<\/p>","protected":false},"excerpt":{"rendered":"<p>- LIFA\u00ae MERINO<br \/>- Technologie Lifa Stay Warm<br \/>- Coutures flatlock pour un confort suppl\u00e9mentaire<br \/>- Laine ZQ<\/p>","protected":false},"featured_media":721056,"template":"","meta":[],"product_brand":[],"product_cat":[4209],"product_tag":[],"class_list":{"0":"post-720963","1":"product","2":"type-product","3":"status-publish","4":"has-post-thumbnail","6":"product_cat-zubehoer","7":"pa_brand-helly-hansen","8":"pa_brand-type-workwear","9":"pa_filter-color-schwarz","11":"first","12":"instock","13":"sale","14":"taxable","15":"shipping-taxable","16":"purchasable","17":"product-type-variable","18":"add-to-wishlist-before_image"},"exclude_global_add_ons":[],"addons":[],"acf":[],"_links":{"self":[{"href":"https:\/\/shop.kustom.ch\/fr\/wp-json\/wp\/v2\/product\/720963"}],"collection":[{"href":"https:\/\/shop.kustom.ch\/fr\/wp-json\/wp\/v2\/product"}],"about":[{"href":"https:\/\/shop.kustom.ch\/fr\/wp-json\/wp\/v2\/types\/product"}],"wp:featuredmedia":[{"embeddable":true,"href":"https:\/\/shop.kustom.ch\/fr\/wp-json\/wp\/v2\/media\/721056"}],"wp:attachment":[{"href":"https:\/\/shop.kustom.ch\/fr\/wp-json\/wp\/v2\/media?parent=720963"}],"wp:term":[{"taxonomy":"product_brand","embeddable":true,"href":"https:\/\/shop.kustom.ch\/fr\/wp-json\/wp\/v2\/product_brand?post=720963"},{"taxonomy":"product_cat","embeddable":true,"href":"https:\/\/shop.kustom.ch\/fr\/wp-json\/wp\/v2\/product_cat?post=720963"},{"taxonomy":"product_tag","embeddable":true,"href":"https:\/\/shop.kustom.ch\/fr\/wp-json\/wp\/v2\/product_tag?post=720963"}],"curies":[{"name":"wp","href":"https:\/\/api.w.org\/{rel}","templated":true}]}}