{"id":720937,"date":"2026-03-24T21:13:12","date_gmt":"2026-03-24T20:13:12","guid":{"rendered":"https:\/\/shop.kustom.ch\/?post_type=product&#038;p=720937"},"modified":"2026-03-24T21:17:55","modified_gmt":"2026-03-24T20:17:55","slug":"manchester-sock-3-pack","status":"publish","type":"product","link":"https:\/\/shop.kustom.ch\/fr\/produit\/manchester-sock-3-pack\/","title":{"rendered":"MANCHESTER CHAUSSETTE 3-PACK"},"content":{"rendered":"<p>Les chaussettes Manchester offrent une respirabilit\u00e9 suppl\u00e9mentaire gr\u00e2ce \u00e0 l'a\u00e9ration en mesh, et le flex de la cheville les rend confortables m\u00eame lorsqu'elles sont port\u00e9es longtemps. Livr\u00e9es en pack de 3.<\/p>\n<p>Coupe : ajust\u00e9e \/ ajust\u00e9e<\/p>\n<p>Mati\u00e8re : Mat\u00e9riau principal : 71 % coton, 26 % polyamide, 3 % \u00e9lasthanne<\/p>","protected":false},"excerpt":{"rendered":"<p>- a\u00e9ration en mesh pour une respirabilit\u00e9 suppl\u00e9mentaire<br \/>- Flexible \u00e0 la cheville<\/p>","protected":false},"featured_media":721029,"template":"","meta":[],"product_brand":[],"product_cat":[4199],"product_tag":[],"class_list":{"0":"post-720937","1":"product","2":"type-product","3":"status-publish","4":"has-post-thumbnail","6":"product_cat-socken","7":"pa_brand-helly-hansen","8":"pa_brand-type-workwear","9":"pa_filter-color-blau","10":"pa_filter-color-schwarz","12":"first","13":"instock","14":"sale","15":"taxable","16":"shipping-taxable","17":"purchasable","18":"product-type-variable","19":"add-to-wishlist-before_image"},"exclude_global_add_ons":[],"addons":[],"acf":[],"_links":{"self":[{"href":"https:\/\/shop.kustom.ch\/fr\/wp-json\/wp\/v2\/product\/720937"}],"collection":[{"href":"https:\/\/shop.kustom.ch\/fr\/wp-json\/wp\/v2\/product"}],"about":[{"href":"https:\/\/shop.kustom.ch\/fr\/wp-json\/wp\/v2\/types\/product"}],"wp:featuredmedia":[{"embeddable":true,"href":"https:\/\/shop.kustom.ch\/fr\/wp-json\/wp\/v2\/media\/721029"}],"wp:attachment":[{"href":"https:\/\/shop.kustom.ch\/fr\/wp-json\/wp\/v2\/media?parent=720937"}],"wp:term":[{"taxonomy":"product_brand","embeddable":true,"href":"https:\/\/shop.kustom.ch\/fr\/wp-json\/wp\/v2\/product_brand?post=720937"},{"taxonomy":"product_cat","embeddable":true,"href":"https:\/\/shop.kustom.ch\/fr\/wp-json\/wp\/v2\/product_cat?post=720937"},{"taxonomy":"product_tag","embeddable":true,"href":"https:\/\/shop.kustom.ch\/fr\/wp-json\/wp\/v2\/product_tag?post=720937"}],"curies":[{"name":"wp","href":"https:\/\/api.w.org\/{rel}","templated":true}]}}