{"id":720925,"date":"2026-03-24T21:12:49","date_gmt":"2026-03-24T20:12:49","guid":{"rendered":"https:\/\/shop.kustom.ch\/?post_type=product&#038;p=720925"},"modified":"2026-03-24T21:17:28","modified_gmt":"2026-03-24T20:17:28","slug":"oxford-winter-sock","status":"publish","type":"product","link":"https:\/\/shop.kustom.ch\/fr\/produit\/oxford-winter-sock\/","title":{"rendered":"CHAUSSETTE D'HIVER OXFORD"},"content":{"rendered":"<p>Cette chaussette ergonomique en tissu \u00e9ponge offre une grande r\u00e9sistance et vous tient agr\u00e9ablement chaud.<\/p>\n<p>Coupe : ajust\u00e9e \/ ajust\u00e9e<\/p>\n<p>Mati\u00e8re principale : 34 % polyamide, 32 % laine m\u00e9rinos, 32 % acrylique, 2 % \u00e9lasthanne<\/p>","protected":false},"excerpt":{"rendered":"<p>- jambe en tissu \u00e9ponge pour garder la chaleur<br \/>- Fibres de polyamide au niveau du talon et des orteils pour une r\u00e9sistance accrue<br \/>- Flexible \u00e0 la cheville<\/p>","protected":false},"featured_media":721022,"template":"","meta":[],"product_brand":[],"product_cat":[4199],"product_tag":[],"class_list":{"0":"post-720925","1":"product","2":"type-product","3":"status-publish","4":"has-post-thumbnail","6":"product_cat-socken","7":"pa_brand-helly-hansen","8":"pa_brand-type-workwear","9":"pa_filter-color-schwarz","11":"first","12":"instock","13":"sale","14":"taxable","15":"shipping-taxable","16":"purchasable","17":"product-type-variable","18":"add-to-wishlist-before_image"},"exclude_global_add_ons":[],"addons":[],"acf":[],"_links":{"self":[{"href":"https:\/\/shop.kustom.ch\/fr\/wp-json\/wp\/v2\/product\/720925"}],"collection":[{"href":"https:\/\/shop.kustom.ch\/fr\/wp-json\/wp\/v2\/product"}],"about":[{"href":"https:\/\/shop.kustom.ch\/fr\/wp-json\/wp\/v2\/types\/product"}],"wp:featuredmedia":[{"embeddable":true,"href":"https:\/\/shop.kustom.ch\/fr\/wp-json\/wp\/v2\/media\/721022"}],"wp:attachment":[{"href":"https:\/\/shop.kustom.ch\/fr\/wp-json\/wp\/v2\/media?parent=720925"}],"wp:term":[{"taxonomy":"product_brand","embeddable":true,"href":"https:\/\/shop.kustom.ch\/fr\/wp-json\/wp\/v2\/product_brand?post=720925"},{"taxonomy":"product_cat","embeddable":true,"href":"https:\/\/shop.kustom.ch\/fr\/wp-json\/wp\/v2\/product_cat?post=720925"},{"taxonomy":"product_tag","embeddable":true,"href":"https:\/\/shop.kustom.ch\/fr\/wp-json\/wp\/v2\/product_tag?post=720925"}],"curies":[{"name":"wp","href":"https:\/\/api.w.org\/{rel}","templated":true}]}}