{"id":720906,"date":"2026-03-24T21:11:57","date_gmt":"2026-03-24T20:11:57","guid":{"rendered":"https:\/\/shop.kustom.ch\/?post_type=product&#038;p=720906"},"modified":"2026-03-24T21:16:38","modified_gmt":"2026-03-24T20:16:38","slug":"chelsea-evo-summer-sock","status":"publish","type":"product","link":"https:\/\/shop.kustom.ch\/fr\/produit\/chelsea-evo-summer-sock\/","title":{"rendered":"CHELSEA EVO SUMMER SOCK"},"content":{"rendered":"<p>Gr\u00e2ce aux fibres Lifa au niveau du talon et des orteils, ces chaussettes techniques gardent le pied au sec et assurent une temp\u00e9rature agr\u00e9able m\u00eame pendant les journ\u00e9es les plus chaudes.<\/p>\n<p>Coupe : ajust\u00e9e \/ ajust\u00e9e<\/p>\n<p>Mat\u00e9riau : Mat\u00e9riau principal : 62 % polypropyl\u00e8ne, 36 % polyamide, 2 % \u00e9lasthanne<\/p>","protected":false},"excerpt":{"rendered":"<p>- a\u00e9ration en mesh pour une respirabilit\u00e9 suppl\u00e9mentaire<br \/>- Fibres Lifa\u00ae au niveau du talon et des orteils pour une r\u00e9sistance suppl\u00e9mentaire et une bonne \u00e9vacuation de l'humidit\u00e9<br \/>- Flexible \u00e0 la cheville<\/p>","protected":false},"featured_media":721004,"template":"","meta":[],"product_brand":[],"product_cat":[4199],"product_tag":[],"class_list":{"0":"post-720906","1":"product","2":"type-product","3":"status-publish","4":"has-post-thumbnail","6":"product_cat-socken","7":"pa_brand-helly-hansen","8":"pa_brand-type-workwear","9":"pa_filter-color-schwarz","11":"first","12":"instock","13":"sale","14":"taxable","15":"shipping-taxable","16":"purchasable","17":"product-type-variable","18":"add-to-wishlist-before_image"},"exclude_global_add_ons":[],"addons":[],"acf":[],"_links":{"self":[{"href":"https:\/\/shop.kustom.ch\/fr\/wp-json\/wp\/v2\/product\/720906"}],"collection":[{"href":"https:\/\/shop.kustom.ch\/fr\/wp-json\/wp\/v2\/product"}],"about":[{"href":"https:\/\/shop.kustom.ch\/fr\/wp-json\/wp\/v2\/types\/product"}],"wp:featuredmedia":[{"embeddable":true,"href":"https:\/\/shop.kustom.ch\/fr\/wp-json\/wp\/v2\/media\/721004"}],"wp:attachment":[{"href":"https:\/\/shop.kustom.ch\/fr\/wp-json\/wp\/v2\/media?parent=720906"}],"wp:term":[{"taxonomy":"product_brand","embeddable":true,"href":"https:\/\/shop.kustom.ch\/fr\/wp-json\/wp\/v2\/product_brand?post=720906"},{"taxonomy":"product_cat","embeddable":true,"href":"https:\/\/shop.kustom.ch\/fr\/wp-json\/wp\/v2\/product_cat?post=720906"},{"taxonomy":"product_tag","embeddable":true,"href":"https:\/\/shop.kustom.ch\/fr\/wp-json\/wp\/v2\/product_tag?post=720906"}],"curies":[{"name":"wp","href":"https:\/\/api.w.org\/{rel}","templated":true}]}}