{"id":720895,"date":"2026-03-24T21:11:34","date_gmt":"2026-03-24T20:11:34","guid":{"rendered":"https:\/\/shop.kustom.ch\/?post_type=product&#038;p=720895"},"modified":"2026-03-24T21:16:37","modified_gmt":"2026-03-24T20:16:37","slug":"kensington-summer-sock","status":"publish","type":"product","link":"https:\/\/shop.kustom.ch\/fr\/produit\/kensington-summer-sock\/","title":{"rendered":"KENSINGTON CHAUSSETTE D'\u00c9T\u00c9"},"content":{"rendered":"<p>Chaussettes modernes avec talon prot\u00e9g\u00e9 pour une meilleure r\u00e9sistance et un excellent effet rafra\u00eechissant gr\u00e2ce \u00e0 l'a\u00e9ration Nano-Glide-Mesh. Le flex de la cheville assure une excellente man\u0153uvrabilit\u00e9 et un bon confort.<\/p>\n<p>Coupe : ajust\u00e9e \/ ajust\u00e9e<\/p>\n<p>Mat\u00e9riau principal : 69 % polyamide, 29 % polypropyl\u00e8ne, 2 % \u00e9lasthanne<\/p>","protected":false},"excerpt":{"rendered":"<p>- a\u00e9ration en mesh pour une respirabilit\u00e9 suppl\u00e9mentaire<br \/>- Talon et orteils avant prot\u00e9g\u00e9s par Nano Glide<\/p>","protected":false},"featured_media":720992,"template":"","meta":[],"product_brand":[],"product_cat":[4199],"product_tag":[],"class_list":{"0":"post-720895","1":"product","2":"type-product","3":"status-publish","4":"has-post-thumbnail","6":"product_cat-socken","7":"pa_brand-helly-hansen","8":"pa_brand-type-workwear","9":"pa_filter-color-schwarz","11":"first","12":"instock","13":"sale","14":"taxable","15":"shipping-taxable","16":"purchasable","17":"product-type-variable","18":"add-to-wishlist-before_image"},"exclude_global_add_ons":[],"addons":[],"acf":[],"_links":{"self":[{"href":"https:\/\/shop.kustom.ch\/fr\/wp-json\/wp\/v2\/product\/720895"}],"collection":[{"href":"https:\/\/shop.kustom.ch\/fr\/wp-json\/wp\/v2\/product"}],"about":[{"href":"https:\/\/shop.kustom.ch\/fr\/wp-json\/wp\/v2\/types\/product"}],"wp:featuredmedia":[{"embeddable":true,"href":"https:\/\/shop.kustom.ch\/fr\/wp-json\/wp\/v2\/media\/720992"}],"wp:attachment":[{"href":"https:\/\/shop.kustom.ch\/fr\/wp-json\/wp\/v2\/media?parent=720895"}],"wp:term":[{"taxonomy":"product_brand","embeddable":true,"href":"https:\/\/shop.kustom.ch\/fr\/wp-json\/wp\/v2\/product_brand?post=720895"},{"taxonomy":"product_cat","embeddable":true,"href":"https:\/\/shop.kustom.ch\/fr\/wp-json\/wp\/v2\/product_cat?post=720895"},{"taxonomy":"product_tag","embeddable":true,"href":"https:\/\/shop.kustom.ch\/fr\/wp-json\/wp\/v2\/product_tag?post=720895"}],"curies":[{"name":"wp","href":"https:\/\/api.w.org\/{rel}","templated":true}]}}