{"id":720874,"date":"2026-03-24T21:10:45","date_gmt":"2026-03-24T20:10:45","guid":{"rendered":"https:\/\/shop.kustom.ch\/?post_type=product&#038;p=720874"},"modified":"2026-03-24T21:33:35","modified_gmt":"2026-03-24T20:33:35","slug":"work-day-backpack","status":"publish","type":"product","link":"https:\/\/shop.kustom.ch\/fr\/produit\/work-day-backpack\/","title":{"rendered":"SAC \u00c0 DOS DE TRAVAIL"},"content":{"rendered":"<p>Ce sac \u00e0 dos regorge de solutions intelligentes et a \u00e9t\u00e9 con\u00e7u pour le travail ! Rangez votre tablette ou votre ordinateur, votre tasse de caf\u00e9, vos outils ou \u00e0 peu pr\u00e8s tout ce que vous voulez emporter avec vous.<\/p>\n<p>Coupe : Regular \/ Normale<\/p>\n<p>Mat\u00e9riau : mat\u00e9riau principal : 98 % polyester, 2 % PVC<\/p>","protected":false},"excerpt":{"rendered":"<p>- Autoris\u00e9 comme bagage \u00e0 main par la plupart des compagnies a\u00e9riennes<br \/>\n- Compartiment rembourr\u00e9 sp\u00e9cial pour ordinateur portable<br \/>\n- fermeture \u00e0 glissi\u00e8re YKK<br \/>\n- Point de fixation de l'anneau en D<br \/>\n- Poches lat\u00e9rales ouvertes<br \/>\n- Boucle porte-outils<br \/>\n- Sac pour une trousse de premiers secours<br \/>\n- poign\u00e9e de transport en haut<br \/>\n- Une poche frontale pour une organisation facile<br \/>\n- Ceinture pliable<\/p>","protected":false},"featured_media":720984,"template":"","meta":[],"product_brand":[],"product_cat":[4195,4209],"product_tag":[],"class_list":{"0":"post-720874","1":"product","2":"type-product","3":"status-publish","4":"has-post-thumbnail","6":"product_cat-rucksaecke-taschen","7":"product_cat-zubehoer","8":"pa_brand-helly-hansen","9":"pa_brand-type-workwear","10":"pa_filter-color-schwarz","12":"first","13":"instock","14":"sale","15":"taxable","16":"shipping-taxable","17":"purchasable","18":"product-type-variable","19":"add-to-wishlist-before_image"},"exclude_global_add_ons":[],"addons":[],"acf":[],"_links":{"self":[{"href":"https:\/\/shop.kustom.ch\/fr\/wp-json\/wp\/v2\/product\/720874"}],"collection":[{"href":"https:\/\/shop.kustom.ch\/fr\/wp-json\/wp\/v2\/product"}],"about":[{"href":"https:\/\/shop.kustom.ch\/fr\/wp-json\/wp\/v2\/types\/product"}],"wp:featuredmedia":[{"embeddable":true,"href":"https:\/\/shop.kustom.ch\/fr\/wp-json\/wp\/v2\/media\/720984"}],"wp:attachment":[{"href":"https:\/\/shop.kustom.ch\/fr\/wp-json\/wp\/v2\/media?parent=720874"}],"wp:term":[{"taxonomy":"product_brand","embeddable":true,"href":"https:\/\/shop.kustom.ch\/fr\/wp-json\/wp\/v2\/product_brand?post=720874"},{"taxonomy":"product_cat","embeddable":true,"href":"https:\/\/shop.kustom.ch\/fr\/wp-json\/wp\/v2\/product_cat?post=720874"},{"taxonomy":"product_tag","embeddable":true,"href":"https:\/\/shop.kustom.ch\/fr\/wp-json\/wp\/v2\/product_tag?post=720874"}],"curies":[{"name":"wp","href":"https:\/\/api.w.org\/{rel}","templated":true}]}}