{"id":720863,"date":"2026-03-24T21:10:19","date_gmt":"2026-03-24T20:10:19","guid":{"rendered":"https:\/\/shop.kustom.ch\/?post_type=product&#038;p=720863"},"modified":"2026-03-24T21:36:36","modified_gmt":"2026-03-24T20:36:36","slug":"kensington-trolley-95l","status":"publish","type":"product","link":"https:\/\/shop.kustom.ch\/fr\/produit\/kensington-trolley-95l\/","title":{"rendered":"KENSINGTON TROLLEY 95L"},"content":{"rendered":"<p>Transportez tout votre \u00e9quipement dans le Kensington Trolley. Ce duffle bag \u00e0 roulettes a une capacit\u00e9 de 95 litres lorsqu'il est enti\u00e8rement d\u00e9ploy\u00e9. Gr\u00e2ce \u00e0 sa poign\u00e9e robuste en aluminium et \u00e0 ses roulettes de 84 millim\u00e8tres, le sac marin se d\u00e9place facilement, m\u00eame sur des terrains accident\u00e9s. Tous les objets importants peuvent \u00eatre organis\u00e9s pour un acc\u00e8s rapide dans trois compartiments int\u00e9rieurs ainsi que dans une poche frontale et une poche pour carte d'identit\u00e9 sur le c\u00f4t\u00e9 ext\u00e9rieur. Le contenu du compartiment principal est maintenu en place par des sangles \u00e9lastiques stabilisatrices. Pr\u00e9hensible sous tous les angles, avec des poign\u00e9es sur le dessus, le c\u00f4t\u00e9 et le dessous. Le changement de roulettes est simple - les roulettes peuvent \u00eatre facilement remplac\u00e9es par des roulettes de skate en ligne standard.<\/p>\n<p>Coupe : Regular \/ Normale<\/p>\n<p>Mat\u00e9riau : Mat\u00e9riau principal : 100 polyester % - 466 g\/m\u00b2.<\/p>","protected":false},"excerpt":{"rendered":"<p>- fermeture \u00e0 glissi\u00e8re YKK<br \/>\n- Les roulettes peuvent \u00eatre facilement remplac\u00e9es par des roulettes de rollers normales.<br \/>\n- Une poche frontale pour une organisation facile<br \/>\n- Un compartiment principal avec des sangles \u00e9lastiques<br \/>\n- Trois compartiments int\u00e9rieurs s\u00e9par\u00e9s<br \/>\n- 95L (enti\u00e8rement \u00e9largi)<br \/>\n- Pochette pour carte d'identit\u00e9<br \/>\n- Poign\u00e9es de maintien en haut\/lat\u00e9ral\/en bas<br \/>\n- Grandes roues de 84 mm qui roulent en douceur et facilement sur les terrains accident\u00e9s<br \/>\n- poign\u00e9e t\u00e9lescopique \u00e0 2 niveaux en aluminium anodis\u00e9<br \/>\n- 4,47 kg<\/p>","protected":false},"featured_media":720970,"template":"","meta":[],"product_brand":[],"product_cat":[4195,4209],"product_tag":[],"class_list":{"0":"post-720863","1":"product","2":"type-product","3":"status-publish","4":"has-post-thumbnail","6":"product_cat-rucksaecke-taschen","7":"product_cat-zubehoer","8":"pa_brand-helly-hansen","9":"pa_brand-type-workwear","10":"pa_filter-color-schwarz","12":"first","13":"instock","14":"sale","15":"taxable","16":"shipping-taxable","17":"purchasable","18":"product-type-variable","19":"add-to-wishlist-before_image"},"exclude_global_add_ons":[],"addons":[],"acf":[],"_links":{"self":[{"href":"https:\/\/shop.kustom.ch\/fr\/wp-json\/wp\/v2\/product\/720863"}],"collection":[{"href":"https:\/\/shop.kustom.ch\/fr\/wp-json\/wp\/v2\/product"}],"about":[{"href":"https:\/\/shop.kustom.ch\/fr\/wp-json\/wp\/v2\/types\/product"}],"wp:featuredmedia":[{"embeddable":true,"href":"https:\/\/shop.kustom.ch\/fr\/wp-json\/wp\/v2\/media\/720970"}],"wp:attachment":[{"href":"https:\/\/shop.kustom.ch\/fr\/wp-json\/wp\/v2\/media?parent=720863"}],"wp:term":[{"taxonomy":"product_brand","embeddable":true,"href":"https:\/\/shop.kustom.ch\/fr\/wp-json\/wp\/v2\/product_brand?post=720863"},{"taxonomy":"product_cat","embeddable":true,"href":"https:\/\/shop.kustom.ch\/fr\/wp-json\/wp\/v2\/product_cat?post=720863"},{"taxonomy":"product_tag","embeddable":true,"href":"https:\/\/shop.kustom.ch\/fr\/wp-json\/wp\/v2\/product_tag?post=720863"}],"curies":[{"name":"wp","href":"https:\/\/api.w.org\/{rel}","templated":true}]}}