{"id":720855,"date":"2026-03-24T21:09:48","date_gmt":"2026-03-24T20:09:48","guid":{"rendered":"https:\/\/shop.kustom.ch\/?post_type=product&#038;p=720855"},"modified":"2026-03-24T21:33:44","modified_gmt":"2026-03-24T20:33:44","slug":"hh-duffel-bag-120l","status":"publish","type":"product","link":"https:\/\/shop.kustom.ch\/fr\/produit\/hh-duffel-bag-120l\/","title":{"rendered":"HH DUFFEL BAG 120L"},"content":{"rendered":"<p>Les duffle bags les plus vendus sont maintenant encore meilleurs ! Poids r\u00e9duit, facile \u00e0 ranger, compartiment s\u00e9par\u00e9 pour les chaussures, compartiment rembourr\u00e9 pour tablette et espace pour la trousse de premiers secours ne sont que quelques-uns des nouveaux d\u00e9tails.<\/p>\n<p>Coupe : Regular \/ Normale<\/p>\n<p>Mat\u00e9riau : Mat\u00e9riau principal : 100 % polyvinyle - 550 g\/m\u00b2.<\/p>","protected":false},"excerpt":{"rendered":"<p>- fermeture \u00e0 glissi\u00e8re YKK<br \/>\n- Mat\u00e9riau principal hydrofuge<br \/>\n- Bretelles rembourr\u00e9es et r\u00e9glables<br \/>\n- Poign\u00e9e de transport<br \/>\n- Pochette pour carte d'identit\u00e9<br \/>\n- Sac pour une trousse de premiers secours<br \/>\n- Poches rembourr\u00e9es pour tablette \u00e0 l'int\u00e9rieur<br \/>\n- Compartiment \u00e0 chaussures \u00e0 l'ext\u00e9rieur<\/p>","protected":false},"featured_media":720964,"template":"","meta":[],"product_brand":[],"product_cat":[4195,4209],"product_tag":[],"class_list":{"0":"post-720855","1":"product","2":"type-product","3":"status-publish","4":"has-post-thumbnail","6":"product_cat-rucksaecke-taschen","7":"product_cat-zubehoer","8":"pa_brand-helly-hansen","9":"pa_brand-type-workwear","10":"pa_filter-color-schwarz","12":"first","13":"instock","14":"sale","15":"taxable","16":"shipping-taxable","17":"purchasable","18":"product-type-variable","19":"add-to-wishlist-before_image"},"exclude_global_add_ons":[],"addons":[],"acf":[],"_links":{"self":[{"href":"https:\/\/shop.kustom.ch\/fr\/wp-json\/wp\/v2\/product\/720855"}],"collection":[{"href":"https:\/\/shop.kustom.ch\/fr\/wp-json\/wp\/v2\/product"}],"about":[{"href":"https:\/\/shop.kustom.ch\/fr\/wp-json\/wp\/v2\/types\/product"}],"wp:featuredmedia":[{"embeddable":true,"href":"https:\/\/shop.kustom.ch\/fr\/wp-json\/wp\/v2\/media\/720964"}],"wp:attachment":[{"href":"https:\/\/shop.kustom.ch\/fr\/wp-json\/wp\/v2\/media?parent=720855"}],"wp:term":[{"taxonomy":"product_brand","embeddable":true,"href":"https:\/\/shop.kustom.ch\/fr\/wp-json\/wp\/v2\/product_brand?post=720855"},{"taxonomy":"product_cat","embeddable":true,"href":"https:\/\/shop.kustom.ch\/fr\/wp-json\/wp\/v2\/product_cat?post=720855"},{"taxonomy":"product_tag","embeddable":true,"href":"https:\/\/shop.kustom.ch\/fr\/wp-json\/wp\/v2\/product_tag?post=720855"}],"curies":[{"name":"wp","href":"https:\/\/api.w.org\/{rel}","templated":true}]}}