{"id":720846,"date":"2026-03-24T21:09:22","date_gmt":"2026-03-24T20:09:22","guid":{"rendered":"https:\/\/shop.kustom.ch\/?post_type=product&#038;p=720846"},"modified":"2026-03-24T21:37:15","modified_gmt":"2026-03-24T20:37:15","slug":"hh-duffel-bag-50l","status":"publish","type":"product","link":"https:\/\/shop.kustom.ch\/fr\/produit\/hh-duffel-bag-50l\/","title":{"rendered":"HH DUFFEL BAG 50L"},"content":{"rendered":"<p>Le sac Helly Hansen DUFFEL BAG, 50L combine un grand espace dans la partie principale avec des compartiments sp\u00e9ciaux qui gardent vos affaires bien en place. Le contenu reste propre gr\u00e2ce \u00e0 un compartiment \u00e0 chaussures \u00e0 l'ext\u00e9rieur. Des poches int\u00e9rieures rembourr\u00e9es pour tablettes et une poche pour la trousse de premiers secours permettent de garder toutes les choses importantes \u00e0 port\u00e9e de main. Ce sac polyvalent dispose de poign\u00e9es, d'une bandouli\u00e8re et de bretelles rembourr\u00e9es et r\u00e9glables pour le porter comme un sac \u00e0 dos. Le tissu imperm\u00e9able de haute qualit\u00e9 et les fermetures \u00e0 glissi\u00e8re YKK\u00ae rendent ce sac parfaitement adapt\u00e9 aux conditions robustes. Le compartiment pour cartes d'identit\u00e9 permet de ranger en toute s\u00e9curit\u00e9 les cartes et les \u00e9tiquettes. Que ce soit \u00e0 la maison, au travail ou lors d'activit\u00e9s de loisirs, d\u00e9couvrez un \u00e9quipement de travail moderne suffisamment robuste pour durer toute une vie.<\/p>\n<p>Coupe : Regular \/ Normale<\/p>\n<p>Mat\u00e9riau : Mat\u00e9riau principal : 100 % polyvinyle - 550 g\/m\u00b2.<\/p>","protected":false},"excerpt":{"rendered":"<p>- fermeture \u00e0 glissi\u00e8re YKK<br \/>\n- Mat\u00e9riau principal hydrofuge<br \/>\n- Bretelles rembourr\u00e9es et r\u00e9glables<br \/>\n- Poign\u00e9e de transport<br \/>\n- Pochette pour carte d'identit\u00e9<br \/>\n- Sac pour une trousse de premiers secours<br \/>\n- Poches rembourr\u00e9es pour tablette \u00e0 l'int\u00e9rieur<br \/>\n- Compartiment \u00e0 chaussures \u00e0 l'ext\u00e9rieur<\/p>","protected":false},"featured_media":720951,"template":"","meta":[],"product_brand":[],"product_cat":[4195,4209],"product_tag":[],"class_list":{"0":"post-720846","1":"product","2":"type-product","3":"status-publish","4":"has-post-thumbnail","6":"product_cat-rucksaecke-taschen","7":"product_cat-zubehoer","8":"pa_brand-helly-hansen","9":"pa_brand-type-workwear","10":"pa_filter-color-gruen","11":"pa_filter-color-schwarz","13":"first","14":"instock","15":"sale","16":"taxable","17":"shipping-taxable","18":"purchasable","19":"product-type-variable","20":"add-to-wishlist-before_image"},"exclude_global_add_ons":[],"addons":[],"acf":[],"_links":{"self":[{"href":"https:\/\/shop.kustom.ch\/fr\/wp-json\/wp\/v2\/product\/720846"}],"collection":[{"href":"https:\/\/shop.kustom.ch\/fr\/wp-json\/wp\/v2\/product"}],"about":[{"href":"https:\/\/shop.kustom.ch\/fr\/wp-json\/wp\/v2\/types\/product"}],"wp:featuredmedia":[{"embeddable":true,"href":"https:\/\/shop.kustom.ch\/fr\/wp-json\/wp\/v2\/media\/720951"}],"wp:attachment":[{"href":"https:\/\/shop.kustom.ch\/fr\/wp-json\/wp\/v2\/media?parent=720846"}],"wp:term":[{"taxonomy":"product_brand","embeddable":true,"href":"https:\/\/shop.kustom.ch\/fr\/wp-json\/wp\/v2\/product_brand?post=720846"},{"taxonomy":"product_cat","embeddable":true,"href":"https:\/\/shop.kustom.ch\/fr\/wp-json\/wp\/v2\/product_cat?post=720846"},{"taxonomy":"product_tag","embeddable":true,"href":"https:\/\/shop.kustom.ch\/fr\/wp-json\/wp\/v2\/product_tag?post=720846"}],"curies":[{"name":"wp","href":"https:\/\/api.w.org\/{rel}","templated":true}]}}