{"id":720836,"date":"2026-03-24T21:08:55","date_gmt":"2026-03-24T20:08:55","guid":{"rendered":"https:\/\/shop.kustom.ch\/?post_type=product&#038;p=720836"},"modified":"2026-03-25T08:56:03","modified_gmt":"2026-03-25T07:56:03","slug":"kneepad-xtra-protective","status":"publish","type":"product","link":"https:\/\/shop.kustom.ch\/fr\/produit\/kneepad-xtra-protective\/","title":{"rendered":"KNEEPAD XTRA PROTECTIVE"},"content":{"rendered":"<p>Ces genouill\u00e8res sont le choix id\u00e9al si vous avez besoin d'une protection suppl\u00e9mentaire pour les genoux. Les trous perfor\u00e9s assurent une meilleure ventilation et comme les genouill\u00e8res sont lavables jusqu'\u00e0 75 \u00b0C, il n'est pas n\u00e9cessaire de les retirer lors du lavage de votre pantalon de travail HH pr\u00e9f\u00e9r\u00e9.<\/p>\n<p>Coupe : Regular \/ Normale<\/p>\n<p>Mat\u00e9riau : 100 % mousse de caoutchouc<\/p>","protected":false},"excerpt":{"rendered":"<p>- Peut \u00eatre laiss\u00e9 dans le pantalon lors du lavage<br \/>- A\u00e9ration par des trous d\u00e9coup\u00e9s \u00e0 plusieurs reprises<\/p>","protected":false},"featured_media":720948,"template":"","meta":[],"product_brand":[],"product_cat":[10501],"product_tag":[],"class_list":{"0":"post-720836","1":"product","2":"type-product","3":"status-publish","4":"has-post-thumbnail","6":"product_cat-knieschutz","7":"pa_brand-helly-hansen","8":"pa_brand-type-workwear","9":"pa_filter-color-schwarz","11":"first","12":"instock","13":"sale","14":"taxable","15":"shipping-taxable","16":"purchasable","17":"product-type-variable","18":"add-to-wishlist-before_image"},"exclude_global_add_ons":[],"addons":[],"acf":[],"_links":{"self":[{"href":"https:\/\/shop.kustom.ch\/fr\/wp-json\/wp\/v2\/product\/720836"}],"collection":[{"href":"https:\/\/shop.kustom.ch\/fr\/wp-json\/wp\/v2\/product"}],"about":[{"href":"https:\/\/shop.kustom.ch\/fr\/wp-json\/wp\/v2\/types\/product"}],"wp:featuredmedia":[{"embeddable":true,"href":"https:\/\/shop.kustom.ch\/fr\/wp-json\/wp\/v2\/media\/720948"}],"wp:attachment":[{"href":"https:\/\/shop.kustom.ch\/fr\/wp-json\/wp\/v2\/media?parent=720836"}],"wp:term":[{"taxonomy":"product_brand","embeddable":true,"href":"https:\/\/shop.kustom.ch\/fr\/wp-json\/wp\/v2\/product_brand?post=720836"},{"taxonomy":"product_cat","embeddable":true,"href":"https:\/\/shop.kustom.ch\/fr\/wp-json\/wp\/v2\/product_cat?post=720836"},{"taxonomy":"product_tag","embeddable":true,"href":"https:\/\/shop.kustom.ch\/fr\/wp-json\/wp\/v2\/product_tag?post=720836"}],"curies":[{"name":"wp","href":"https:\/\/api.w.org\/{rel}","templated":true}]}}