{"id":720827,"date":"2026-03-24T21:08:31","date_gmt":"2026-03-24T20:08:31","guid":{"rendered":"https:\/\/shop.kustom.ch\/?post_type=product&#038;p=720827"},"modified":"2026-03-24T21:36:03","modified_gmt":"2026-03-24T20:36:03","slug":"offshore-bag","status":"publish","type":"product","link":"https:\/\/shop.kustom.ch\/fr\/produit\/offshore-bag\/","title":{"rendered":"SAC \u00c0 DOS OFFSHORE"},"content":{"rendered":"<p>Bien que le sac ait \u00e9t\u00e9 sp\u00e9cialement con\u00e7u pour les travailleurs offshore et qu'il ait exactement la taille qui s'adapte bien \u00e0 un h\u00e9licopt\u00e8re, c'est un bon choix pour tout type de travail et de voyage.<\/p>\n<p>Coupe : Regular \/ Normale<\/p>\n<p>Mat\u00e9riau : mat\u00e9riau principal : 100 nylon %<\/p>","protected":false},"excerpt":{"rendered":"<p>- fermeture \u00e0 glissi\u00e8re YKK<br \/>\n- Bretelles rembourr\u00e9es et r\u00e9glables<br \/>\n- Poign\u00e9e de transport<br \/>\n- Pochette pour carte d'identit\u00e9<\/p>","protected":false},"featured_media":720938,"template":"","meta":[],"product_brand":[],"product_cat":[4195,4209],"product_tag":[],"class_list":{"0":"post-720827","1":"product","2":"type-product","3":"status-publish","4":"has-post-thumbnail","6":"product_cat-rucksaecke-taschen","7":"product_cat-zubehoer","8":"pa_brand-helly-hansen","9":"pa_brand-type-workwear","10":"pa_filter-color-schwarz","12":"first","13":"instock","14":"sale","15":"taxable","16":"shipping-taxable","17":"purchasable","18":"product-type-variable","19":"add-to-wishlist-before_image"},"exclude_global_add_ons":[],"addons":[],"acf":[],"_links":{"self":[{"href":"https:\/\/shop.kustom.ch\/fr\/wp-json\/wp\/v2\/product\/720827"}],"collection":[{"href":"https:\/\/shop.kustom.ch\/fr\/wp-json\/wp\/v2\/product"}],"about":[{"href":"https:\/\/shop.kustom.ch\/fr\/wp-json\/wp\/v2\/types\/product"}],"wp:featuredmedia":[{"embeddable":true,"href":"https:\/\/shop.kustom.ch\/fr\/wp-json\/wp\/v2\/media\/720938"}],"wp:attachment":[{"href":"https:\/\/shop.kustom.ch\/fr\/wp-json\/wp\/v2\/media?parent=720827"}],"wp:term":[{"taxonomy":"product_brand","embeddable":true,"href":"https:\/\/shop.kustom.ch\/fr\/wp-json\/wp\/v2\/product_brand?post=720827"},{"taxonomy":"product_cat","embeddable":true,"href":"https:\/\/shop.kustom.ch\/fr\/wp-json\/wp\/v2\/product_cat?post=720827"},{"taxonomy":"product_tag","embeddable":true,"href":"https:\/\/shop.kustom.ch\/fr\/wp-json\/wp\/v2\/product_tag?post=720827"}],"curies":[{"name":"wp","href":"https:\/\/api.w.org\/{rel}","templated":true}]}}