{"id":720810,"date":"2026-03-24T21:07:40","date_gmt":"2026-03-24T20:07:40","guid":{"rendered":"https:\/\/shop.kustom.ch\/?post_type=product&#038;p=720810"},"modified":"2026-03-24T21:13:09","modified_gmt":"2026-03-24T20:13:09","slug":"hh-logo-webbing-belt","status":"publish","type":"product","link":"https:\/\/shop.kustom.ch\/fr\/produit\/hh-logo-webbing-belt\/","title":{"rendered":"HH LOGO WEBBING BELT"},"content":{"rendered":"<p>Ceinture enti\u00e8rement \u00e9lastique avec la marque Helly Hansen Workwear<\/p>\n<p>Coupe : Regular \/ Normale<\/p>\n<p>Mati\u00e8re principale : serg\u00e9 stretch de 96 % coton, 4 % \u00e9lasthanne<br \/>\nLargeur en cm : 3,8<br \/>\nLongueur en cm : 130<\/p>","protected":false},"excerpt":{"rendered":"<p>- Mat\u00e9riau enti\u00e8rement \u00e9lastique<br \/>- Boucle avec logo HH\u00ae WW<\/p>","protected":false},"featured_media":720917,"template":"","meta":[],"product_brand":[],"product_cat":[4178],"product_tag":[],"class_list":{"0":"post-720810","1":"product","2":"type-product","3":"status-publish","4":"has-post-thumbnail","6":"product_cat-guertel","7":"pa_brand-helly-hansen","8":"pa_brand-type-workwear","9":"pa_filter-color-blau","10":"pa_filter-color-gelb","11":"pa_filter-color-gruen","12":"pa_filter-color-orange","13":"pa_filter-color-schwarz","15":"first","16":"instock","17":"sale","18":"taxable","19":"shipping-taxable","20":"purchasable","21":"product-type-variable","22":"add-to-wishlist-before_image"},"exclude_global_add_ons":[],"addons":[],"acf":[],"_links":{"self":[{"href":"https:\/\/shop.kustom.ch\/fr\/wp-json\/wp\/v2\/product\/720810"}],"collection":[{"href":"https:\/\/shop.kustom.ch\/fr\/wp-json\/wp\/v2\/product"}],"about":[{"href":"https:\/\/shop.kustom.ch\/fr\/wp-json\/wp\/v2\/types\/product"}],"wp:featuredmedia":[{"embeddable":true,"href":"https:\/\/shop.kustom.ch\/fr\/wp-json\/wp\/v2\/media\/720917"}],"wp:attachment":[{"href":"https:\/\/shop.kustom.ch\/fr\/wp-json\/wp\/v2\/media?parent=720810"}],"wp:term":[{"taxonomy":"product_brand","embeddable":true,"href":"https:\/\/shop.kustom.ch\/fr\/wp-json\/wp\/v2\/product_brand?post=720810"},{"taxonomy":"product_cat","embeddable":true,"href":"https:\/\/shop.kustom.ch\/fr\/wp-json\/wp\/v2\/product_cat?post=720810"},{"taxonomy":"product_tag","embeddable":true,"href":"https:\/\/shop.kustom.ch\/fr\/wp-json\/wp\/v2\/product_tag?post=720810"}],"curies":[{"name":"wp","href":"https:\/\/api.w.org\/{rel}","templated":true}]}}