{"id":720799,"date":"2026-03-24T21:07:13","date_gmt":"2026-03-24T20:07:13","guid":{"rendered":"https:\/\/shop.kustom.ch\/?post_type=product&#038;p=720799"},"modified":"2026-03-24T21:12:20","modified_gmt":"2026-03-24T20:12:20","slug":"magni-evo-cap","status":"publish","type":"product","link":"https:\/\/shop.kustom.ch\/fr\/produit\/magni-evo-cap\/","title":{"rendered":"MAGNI EVO CAP"},"content":{"rendered":"<p>Les casquettes de travail de haute qualit\u00e9 sont difficiles \u00e0 trouver. C'est pourquoi nous concevons nos v\u00eatements de travail en collaboration avec des professionnels, et le r\u00e9sultat est la casquette Magni Evolution. Le mat\u00e9riau qui \u00e9vacue l'humidit\u00e9 et les trous d'a\u00e9ration d\u00e9coup\u00e9s au laser vous permettent d'\u00eatre prot\u00e9g\u00e9 et de garder la t\u00eate froide sur le chantier. Avec une construction ferm\u00e9e de haute qualit\u00e9. Taille unique qui s'adapte \u00e0 la plupart des t\u00eates - fermeture snap-back incluse.<\/p>\n<p>Coupe : Regular \/ Normale<\/p>\n<p>Mat\u00e9riau : mat\u00e9riau principal : 100 % polyamide<\/p>","protected":false},"excerpt":{"rendered":"<p>- Construction ferm\u00e9e<br \/>- Taille unique<br \/>- Mat\u00e9riau d'\u00e9vacuation de l'humidit\u00e9 \u00e0 l'int\u00e9rieur<br \/>- Trous d'a\u00e9ration d\u00e9coup\u00e9s au laser \u00e0 l'arri\u00e8re<br \/>- R\u00e9glage Snap Back<\/p>","protected":false},"featured_media":720907,"template":"","meta":[],"product_brand":[],"product_cat":[4177],"product_tag":[],"class_list":{"0":"post-720799","1":"product","2":"type-product","3":"status-publish","4":"has-post-thumbnail","6":"product_cat-caps-muetzen","7":"pa_brand-helly-hansen","8":"pa_brand-type-workwear","9":"pa_filter-color-schwarz","11":"first","12":"instock","13":"sale","14":"taxable","15":"shipping-taxable","16":"purchasable","17":"product-type-variable","18":"add-to-wishlist-before_image"},"exclude_global_add_ons":[],"addons":[],"acf":[],"_links":{"self":[{"href":"https:\/\/shop.kustom.ch\/fr\/wp-json\/wp\/v2\/product\/720799"}],"collection":[{"href":"https:\/\/shop.kustom.ch\/fr\/wp-json\/wp\/v2\/product"}],"about":[{"href":"https:\/\/shop.kustom.ch\/fr\/wp-json\/wp\/v2\/types\/product"}],"wp:featuredmedia":[{"embeddable":true,"href":"https:\/\/shop.kustom.ch\/fr\/wp-json\/wp\/v2\/media\/720907"}],"wp:attachment":[{"href":"https:\/\/shop.kustom.ch\/fr\/wp-json\/wp\/v2\/media?parent=720799"}],"wp:term":[{"taxonomy":"product_brand","embeddable":true,"href":"https:\/\/shop.kustom.ch\/fr\/wp-json\/wp\/v2\/product_brand?post=720799"},{"taxonomy":"product_cat","embeddable":true,"href":"https:\/\/shop.kustom.ch\/fr\/wp-json\/wp\/v2\/product_cat?post=720799"},{"taxonomy":"product_tag","embeddable":true,"href":"https:\/\/shop.kustom.ch\/fr\/wp-json\/wp\/v2\/product_tag?post=720799"}],"curies":[{"name":"wp","href":"https:\/\/api.w.org\/{rel}","templated":true}]}}