{"id":720798,"date":"2026-03-24T21:07:13","date_gmt":"2026-03-24T20:07:13","guid":{"rendered":"https:\/\/shop.kustom.ch\/?post_type=product&#038;p=720798"},"modified":"2026-03-25T08:56:32","modified_gmt":"2026-03-25T07:56:32","slug":"reinforcement-patch","status":"publish","type":"product","link":"https:\/\/shop.kustom.ch\/fr\/produit\/reinforcement-patch\/","title":{"rendered":"PATCH DE RENFORCEMENT"},"content":{"rendered":"<p>Mat\u00e9riau : Ext\u00e9rieur : 67,4 % polyamide, 26,6 % aramide, 6 % \u00e9lasthanne<br \/>face int\u00e9rieure : 100 % polyur\u00e9thane<\/p>","protected":false},"excerpt":{"rendered":"<p>- Mat\u00e9riel de renforcement<br \/>- Pour l'application par pressage \u00e0 chaud<br \/>- Peut \u00eatre utilis\u00e9 pour une grande vari\u00e9t\u00e9 de produits afin de renforcer ou de r\u00e9parer les zones fortement sollicit\u00e9es<br \/>- Ce style n'est disponible qu'en cartons de 12 unit\u00e9s. Chaque unit\u00e9 contient 2 patchs. Ce style ne peut \u00eatre command\u00e9 que par multiples de 12.<\/p>","protected":false},"featured_media":720903,"template":"","meta":[],"product_brand":[],"product_cat":[4209],"product_tag":[],"class_list":{"0":"post-720798","1":"product","2":"type-product","3":"status-publish","4":"has-post-thumbnail","6":"product_cat-zubehoer","7":"pa_brand-helly-hansen","8":"pa_brand-type-workwear","9":"pa_filter-color-schwarz","11":"first","12":"instock","13":"sale","14":"taxable","15":"shipping-taxable","16":"purchasable","17":"product-type-variable","18":"add-to-wishlist-before_image"},"exclude_global_add_ons":[],"addons":[],"acf":[],"_links":{"self":[{"href":"https:\/\/shop.kustom.ch\/fr\/wp-json\/wp\/v2\/product\/720798"}],"collection":[{"href":"https:\/\/shop.kustom.ch\/fr\/wp-json\/wp\/v2\/product"}],"about":[{"href":"https:\/\/shop.kustom.ch\/fr\/wp-json\/wp\/v2\/types\/product"}],"wp:featuredmedia":[{"embeddable":true,"href":"https:\/\/shop.kustom.ch\/fr\/wp-json\/wp\/v2\/media\/720903"}],"wp:attachment":[{"href":"https:\/\/shop.kustom.ch\/fr\/wp-json\/wp\/v2\/media?parent=720798"}],"wp:term":[{"taxonomy":"product_brand","embeddable":true,"href":"https:\/\/shop.kustom.ch\/fr\/wp-json\/wp\/v2\/product_brand?post=720798"},{"taxonomy":"product_cat","embeddable":true,"href":"https:\/\/shop.kustom.ch\/fr\/wp-json\/wp\/v2\/product_cat?post=720798"},{"taxonomy":"product_tag","embeddable":true,"href":"https:\/\/shop.kustom.ch\/fr\/wp-json\/wp\/v2\/product_tag?post=720798"}],"curies":[{"name":"wp","href":"https:\/\/api.w.org\/{rel}","templated":true}]}}