{"id":720778,"date":"2026-03-24T21:06:45","date_gmt":"2026-03-24T20:06:45","guid":{"rendered":"https:\/\/shop.kustom.ch\/?post_type=product&#038;p=720778"},"modified":"2026-03-25T08:33:57","modified_gmt":"2026-03-25T07:33:57","slug":"cnct-hi-vis-carpenter-pocket","status":"publish","type":"product","link":"https:\/\/shop.kustom.ch\/fr\/produit\/cnct-hi-vis-carpenter-pocket\/","title":{"rendered":"CNCT HI VIS CARPENTER POCKET"},"content":{"rendered":"<p>Le syst\u00e8me HH Connect\u2122 comprend des solutions de poches centrales et universelles. Si vous avez besoin de quelque chose de plus sp\u00e9cifique, la Hi Vis Carpenter Pocket est faite pour vous. Con\u00e7ue en collaboration avec des menuisiers professionnels, elle dispose de nombreuses possibilit\u00e9s de rangement et de compartiments \u00e0 outils sp\u00e9cialement adapt\u00e9s \u00e0 vos besoins. De plus, ce produit bluesign\u00ae est \u00e9quip\u00e9 d'une boucle porte-outils qui offre un espace de rangement suppl\u00e9mentaire. La qualit\u00e9 sup\u00e9rieure est la norme pour notre Carpenter Pocket - il est fabriqu\u00e9 avec un tissu renforc\u00e9, des fermetures \u00e0 glissi\u00e8re et des fils de qualit\u00e9, et dispose d'un fond doublement doubl\u00e9 pour plus de durabilit\u00e9. Ce sac en mat\u00e9riau haute visibilit\u00e9 vous permettra de vous faire remarquer et de passer la journ\u00e9e en toute s\u00e9curit\u00e9.<\/p>\n<p>Mat\u00e9riel : Mat\u00e9riel principal : 100 % polyester - 305 g\/m\u00b2.<br \/>\nTissu de contraste : 100 % polyamide - 310 g\/m<br \/>\nMat\u00e9riau de renforcement : 100 % polyamide - 210 g\/m\u00b2.<\/p>","protected":false},"excerpt":{"rendered":"<p>- fermeture \u00e0 glissi\u00e8re YKK<br \/>- AMANN Fils - Qualit\u00e9 allemande<br \/>- Compatible avec HH Connect\u2122<br \/>- Mat\u00e9riau renforc\u00e9 et double fond doubl\u00e9<br \/>- Plusieurs possibilit\u00e9s de rangement et compartiments \u00e0 outils<br \/>- Boucle porte-outils<br \/>- produit bluesign<\/p>","protected":false},"featured_media":720860,"template":"","meta":[],"product_brand":[],"product_cat":[4209],"product_tag":[],"class_list":{"0":"post-720778","1":"product","2":"type-product","3":"status-publish","4":"has-post-thumbnail","6":"product_cat-zubehoer","7":"pa_brand-helly-hansen","8":"pa_brand-type-workwear","9":"pa_filter-color-gelb","10":"pa_filter-color-orange","12":"first","13":"instock","14":"sale","15":"taxable","16":"shipping-taxable","17":"purchasable","18":"product-type-variable","19":"add-to-wishlist-before_image"},"exclude_global_add_ons":[],"addons":[],"acf":[],"_links":{"self":[{"href":"https:\/\/shop.kustom.ch\/fr\/wp-json\/wp\/v2\/product\/720778"}],"collection":[{"href":"https:\/\/shop.kustom.ch\/fr\/wp-json\/wp\/v2\/product"}],"about":[{"href":"https:\/\/shop.kustom.ch\/fr\/wp-json\/wp\/v2\/types\/product"}],"wp:featuredmedia":[{"embeddable":true,"href":"https:\/\/shop.kustom.ch\/fr\/wp-json\/wp\/v2\/media\/720860"}],"wp:attachment":[{"href":"https:\/\/shop.kustom.ch\/fr\/wp-json\/wp\/v2\/media?parent=720778"}],"wp:term":[{"taxonomy":"product_brand","embeddable":true,"href":"https:\/\/shop.kustom.ch\/fr\/wp-json\/wp\/v2\/product_brand?post=720778"},{"taxonomy":"product_cat","embeddable":true,"href":"https:\/\/shop.kustom.ch\/fr\/wp-json\/wp\/v2\/product_cat?post=720778"},{"taxonomy":"product_tag","embeddable":true,"href":"https:\/\/shop.kustom.ch\/fr\/wp-json\/wp\/v2\/product_tag?post=720778"}],"curies":[{"name":"wp","href":"https:\/\/api.w.org\/{rel}","templated":true}]}}