{"id":720750,"date":"2026-03-24T21:06:19","date_gmt":"2026-03-24T20:06:19","guid":{"rendered":"https:\/\/shop.kustom.ch\/?post_type=product&#038;p=720750"},"modified":"2026-03-25T08:36:14","modified_gmt":"2026-03-25T07:36:14","slug":"cnct-belt-attachment","status":"publish","type":"product","link":"https:\/\/shop.kustom.ch\/fr\/produit\/cnct-belt-attachment\/","title":{"rendered":"ATTACHE DE CEINTURE CNCT"},"content":{"rendered":"<p>Fait partie de notre syst\u00e8me de poches innovant HH Connect\u2122, qui s'adapte \u00e0 votre travail. HH Connect\u2122 Belt Attachement permet d'attacher des poches \u00e0 votre pantalon pr\u00e9f\u00e9r\u00e9. Le syst\u00e8me offre une multitude d'options qui facilitent votre travail et s'adapte individuellement \u00e0 une multitude de t\u00e2ches.<\/p>\n<p>Mati\u00e8re : Ext\u00e9rieur : 100 % polyamide - 310 g\/m\u00b2.<br \/>Tissu ext\u00e9rieur 2 : 100 % polyamide, 210 g\/m\u00b2.<\/p>","protected":false},"excerpt":{"rendered":"<p>- Les fils AMANN<br \/>- fermeture \u00e0 glissi\u00e8re YKK<br \/>- Compatible avec HH Connect\u2122<br \/>- Mat\u00e9riel de renforcement<br \/>- Passants de ceinture<br \/>- produit bluesign<\/p>","protected":false},"featured_media":720832,"template":"","meta":[],"product_brand":[],"product_cat":[4209],"product_tag":[],"class_list":{"0":"post-720750","1":"product","2":"type-product","3":"status-publish","4":"has-post-thumbnail","6":"product_cat-zubehoer","7":"pa_brand-helly-hansen","8":"pa_brand-type-workwear","9":"pa_filter-color-schwarz","11":"first","12":"instock","13":"sale","14":"taxable","15":"shipping-taxable","16":"purchasable","17":"product-type-variable","18":"add-to-wishlist-before_image"},"exclude_global_add_ons":[],"addons":[],"acf":[],"_links":{"self":[{"href":"https:\/\/shop.kustom.ch\/fr\/wp-json\/wp\/v2\/product\/720750"}],"collection":[{"href":"https:\/\/shop.kustom.ch\/fr\/wp-json\/wp\/v2\/product"}],"about":[{"href":"https:\/\/shop.kustom.ch\/fr\/wp-json\/wp\/v2\/types\/product"}],"wp:featuredmedia":[{"embeddable":true,"href":"https:\/\/shop.kustom.ch\/fr\/wp-json\/wp\/v2\/media\/720832"}],"wp:attachment":[{"href":"https:\/\/shop.kustom.ch\/fr\/wp-json\/wp\/v2\/media?parent=720750"}],"wp:term":[{"taxonomy":"product_brand","embeddable":true,"href":"https:\/\/shop.kustom.ch\/fr\/wp-json\/wp\/v2\/product_brand?post=720750"},{"taxonomy":"product_cat","embeddable":true,"href":"https:\/\/shop.kustom.ch\/fr\/wp-json\/wp\/v2\/product_cat?post=720750"},{"taxonomy":"product_tag","embeddable":true,"href":"https:\/\/shop.kustom.ch\/fr\/wp-json\/wp\/v2\/product_tag?post=720750"}],"curies":[{"name":"wp","href":"https:\/\/api.w.org\/{rel}","templated":true}]}}