{"id":720681,"date":"2026-03-24T21:04:43","date_gmt":"2026-03-24T20:04:43","guid":{"rendered":"https:\/\/shop.kustom.ch\/?post_type=product&#038;p=720681"},"modified":"2026-03-24T21:06:42","modified_gmt":"2026-03-24T20:06:42","slug":"classic-2-0-zip-sweatshirt","status":"publish","type":"product","link":"https:\/\/shop.kustom.ch\/fr\/produit\/classic-2-0-zip-sweatshirt\/","title":{"rendered":"CLASSIC 2.0 ZIP SWEATSHIRT"},"content":{"rendered":"<p>Investissez dans votre confort avec un sweat-shirt classique \u00e0 fermeture \u00e9clair qui combine des d\u00e9tails astucieux avec un style intemporel. Le sweat-shirt Classic 2.0 Zip est un v\u00eatement indispensable fabriqu\u00e9 avec des mat\u00e9riaux de qualit\u00e9. Il est \u00e9quip\u00e9 d'une fermeture \u00e0 glissi\u00e8re YKK\u00ae et de fil AMANN et est fabriqu\u00e9 en coton biologique. Le tissu double \u00e9paisseur au niveau du col assure la r\u00e9sistance et le confort, tout comme les bordures c\u00f4tel\u00e9es aux manches et \u00e0 l'ourlet. Des poches \u00e0 tiroirs pour les mains et une protection du menton assurent la polyvalence et un confort de premi\u00e8re classe. Un design optimis\u00e9 et un confort technique s'unissent dans un basique am\u00e9lior\u00e9 qui r\u00e9pond \u00e0 toutes les attentes.<\/p>\n<p>Coupe : Regular \/ Normale<\/p>\n<p>Composition : Tissu principal : 56 % coton (bio), 44 % polyester (recycl\u00e9) - 280 g\/m\u00b2.<\/p>","protected":false},"excerpt":{"rendered":"<p>- Fil \u00e0 coudre AMANN - Qualit\u00e9 allemande<br \/>- fermeture \u00e0 glissi\u00e8re YKK<br \/>- fermeture \u00e0 glissi\u00e8re frontale YKK\u00ae avec protection du menton<br \/>- Poches pour les mains<br \/>- Poignets et ourlet en bord-c\u00f4te<br \/>- Tissu double \u00e9paisseur dans le col<br \/>- Coton biologique<\/p>","protected":false},"featured_media":720746,"template":"","meta":[],"product_brand":[],"product_cat":[4191],"product_tag":[],"class_list":{"0":"post-720681","1":"product","2":"type-product","3":"status-publish","4":"has-post-thumbnail","6":"product_cat-longsleeves-sweatshirts","7":"pa_brand-helly-hansen","8":"pa_brand-type-workwear","9":"pa_filter-color-blau","10":"pa_filter-color-schwarz","12":"first","13":"instock","14":"sale","15":"taxable","16":"shipping-taxable","17":"purchasable","18":"product-type-variable","19":"add-to-wishlist-before_image"},"exclude_global_add_ons":[],"addons":[],"acf":[],"_links":{"self":[{"href":"https:\/\/shop.kustom.ch\/fr\/wp-json\/wp\/v2\/product\/720681"}],"collection":[{"href":"https:\/\/shop.kustom.ch\/fr\/wp-json\/wp\/v2\/product"}],"about":[{"href":"https:\/\/shop.kustom.ch\/fr\/wp-json\/wp\/v2\/types\/product"}],"wp:featuredmedia":[{"embeddable":true,"href":"https:\/\/shop.kustom.ch\/fr\/wp-json\/wp\/v2\/media\/720746"}],"wp:attachment":[{"href":"https:\/\/shop.kustom.ch\/fr\/wp-json\/wp\/v2\/media?parent=720681"}],"wp:term":[{"taxonomy":"product_brand","embeddable":true,"href":"https:\/\/shop.kustom.ch\/fr\/wp-json\/wp\/v2\/product_brand?post=720681"},{"taxonomy":"product_cat","embeddable":true,"href":"https:\/\/shop.kustom.ch\/fr\/wp-json\/wp\/v2\/product_cat?post=720681"},{"taxonomy":"product_tag","embeddable":true,"href":"https:\/\/shop.kustom.ch\/fr\/wp-json\/wp\/v2\/product_tag?post=720681"}],"curies":[{"name":"wp","href":"https:\/\/api.w.org\/{rel}","templated":true}]}}