{"id":720655,"date":"2026-03-24T21:04:19","date_gmt":"2026-03-24T20:04:19","guid":{"rendered":"https:\/\/shop.kustom.ch\/?post_type=product&#038;p=720655"},"modified":"2026-03-24T21:06:16","modified_gmt":"2026-03-24T20:06:16","slug":"classic-2-0-half-zip-sweat","status":"publish","type":"product","link":"https:\/\/shop.kustom.ch\/fr\/produit\/classic-2-0-half-zip-sweat\/","title":{"rendered":"CLASSIC 2.0 DEMI-ZIP SWEAT"},"content":{"rendered":"<p>Le style classique n'a pas besoin d'\u00eatre tape-\u00e0-l'\u0153il, et le sweat-shirt Classic 2.0 Half Zip ne fait pas exception. Ce v\u00eatement indispensable au quotidien a \u00e9t\u00e9 mis en valeur par Helly Hansen avec des mat\u00e9riaux de qualit\u00e9 comme le coton bio, une fermeture \u00e9clair YKK\u00ae et du fil allemand AMANN. Les caract\u00e9ristiques de confort comprennent des poignets et un ourlet c\u00f4tel\u00e9s, un tissu double \u00e9paisseur au niveau du col et une protection du menton. Le design simple et la finition de qualit\u00e9 font de ce basique un investissement dans votre garde-robe dont vous profiterez longtemps.<\/p>\n<p>Coupe : Regular \/ Normale<\/p>\n<p>Composition : Tissu principal : 56 % coton (bio), 44 % polyester (recycl\u00e9) - 280 g\/m\u00b2.<\/p>","protected":false},"excerpt":{"rendered":"<p>- Fil \u00e0 coudre AMANN - Qualit\u00e9 allemande<br \/>- fermeture \u00e0 glissi\u00e8re YKK<br \/>- 1\/2 fermeture \u00e0 glissi\u00e8re YKK\u00ae avec protection du menton<br \/>- Poignets et ourlet c\u00f4tel\u00e9s Tissu double \u00e9paisseur dans le col<br \/>- Coton biologique<br \/>- Ce produit est compos\u00e9 d'au moins 50 % de fibres Organic Content Standard certifi\u00e9es par IDFL (TE-99972454).<\/p>","protected":false},"featured_media":720717,"template":"","meta":[],"product_brand":[],"product_cat":[4191],"product_tag":[],"class_list":{"0":"post-720655","1":"product","2":"type-product","3":"status-publish","4":"has-post-thumbnail","6":"product_cat-longsleeves-sweatshirts","7":"pa_brand-helly-hansen","8":"pa_brand-type-workwear","9":"pa_filter-color-blau","10":"pa_filter-color-schwarz","12":"first","13":"instock","14":"sale","15":"taxable","16":"shipping-taxable","17":"purchasable","18":"product-type-variable","19":"add-to-wishlist-before_image"},"exclude_global_add_ons":[],"addons":[],"acf":[],"_links":{"self":[{"href":"https:\/\/shop.kustom.ch\/fr\/wp-json\/wp\/v2\/product\/720655"}],"collection":[{"href":"https:\/\/shop.kustom.ch\/fr\/wp-json\/wp\/v2\/product"}],"about":[{"href":"https:\/\/shop.kustom.ch\/fr\/wp-json\/wp\/v2\/types\/product"}],"wp:featuredmedia":[{"embeddable":true,"href":"https:\/\/shop.kustom.ch\/fr\/wp-json\/wp\/v2\/media\/720717"}],"wp:attachment":[{"href":"https:\/\/shop.kustom.ch\/fr\/wp-json\/wp\/v2\/media?parent=720655"}],"wp:term":[{"taxonomy":"product_brand","embeddable":true,"href":"https:\/\/shop.kustom.ch\/fr\/wp-json\/wp\/v2\/product_brand?post=720655"},{"taxonomy":"product_cat","embeddable":true,"href":"https:\/\/shop.kustom.ch\/fr\/wp-json\/wp\/v2\/product_cat?post=720655"},{"taxonomy":"product_tag","embeddable":true,"href":"https:\/\/shop.kustom.ch\/fr\/wp-json\/wp\/v2\/product_tag?post=720655"}],"curies":[{"name":"wp","href":"https:\/\/api.w.org\/{rel}","templated":true}]}}