{"id":720637,"date":"2026-03-24T21:03:51","date_gmt":"2026-03-24T20:03:51","guid":{"rendered":"https:\/\/shop.kustom.ch\/?post_type=product&#038;p=720637"},"modified":"2026-03-24T21:05:53","modified_gmt":"2026-03-24T20:05:53","slug":"classic-2-0-sweatshirt","status":"publish","type":"product","link":"https:\/\/shop.kustom.ch\/fr\/produit\/classic-2-0-sweatshirt\/","title":{"rendered":"CLASSIC 2.0 SWEATSHIRT"},"content":{"rendered":"<p>Simple, \u00e9l\u00e9gant et confortable : avec un sweat-shirt qui peut \u00eatre port\u00e9 partout. Fabriqu\u00e9 en coton biologique doux, compos\u00e9 d'au moins 50 % de fibres Organic Content Standard, il offre un confort de premi\u00e8re classe et pr\u00e9serve l'environnement. Les poignets et l'ourlet en tricot c\u00f4tel\u00e9 assurent un bon ajustement et le fil AMANN de qualit\u00e9 allemande garantit une r\u00e9sistance sur laquelle vous pouvez compter. Avec son design simple et ses mat\u00e9riaux de qualit\u00e9, ce sweat-shirt est un compagnon polyvalent pour le travail, les sorties du week-end et bien d'autres choses encore.<\/p>\n<p>Coupe : Regular \/ Normale<\/p>\n<p>Composition : Tissu principal : 56 % coton (bio), 44 % polyester (recycl\u00e9) - 280 g\/m\u00b2.<\/p>","protected":false},"excerpt":{"rendered":"<p>- Fil \u00e0 coudre AMANN - Qualit\u00e9 allemande<br \/>- col en tricot c\u00f4tel\u00e9 pour un confort exceptionnel<br \/>- Poignets et ourlet en bord-c\u00f4te<br \/>- Coton biologique<\/p>","protected":false},"featured_media":720706,"template":"","meta":[],"product_brand":[],"product_cat":[4191],"product_tag":[],"class_list":{"0":"post-720637","1":"product","2":"type-product","3":"status-publish","4":"has-post-thumbnail","6":"product_cat-longsleeves-sweatshirts","7":"pa_brand-helly-hansen","8":"pa_brand-type-workwear","9":"pa_filter-color-blau","11":"first","12":"instock","13":"sale","14":"taxable","15":"shipping-taxable","16":"purchasable","17":"product-type-variable","18":"add-to-wishlist-before_image"},"exclude_global_add_ons":[],"addons":[],"acf":[],"_links":{"self":[{"href":"https:\/\/shop.kustom.ch\/fr\/wp-json\/wp\/v2\/product\/720637"}],"collection":[{"href":"https:\/\/shop.kustom.ch\/fr\/wp-json\/wp\/v2\/product"}],"about":[{"href":"https:\/\/shop.kustom.ch\/fr\/wp-json\/wp\/v2\/types\/product"}],"wp:featuredmedia":[{"embeddable":true,"href":"https:\/\/shop.kustom.ch\/fr\/wp-json\/wp\/v2\/media\/720706"}],"wp:attachment":[{"href":"https:\/\/shop.kustom.ch\/fr\/wp-json\/wp\/v2\/media?parent=720637"}],"wp:term":[{"taxonomy":"product_brand","embeddable":true,"href":"https:\/\/shop.kustom.ch\/fr\/wp-json\/wp\/v2\/product_brand?post=720637"},{"taxonomy":"product_cat","embeddable":true,"href":"https:\/\/shop.kustom.ch\/fr\/wp-json\/wp\/v2\/product_cat?post=720637"},{"taxonomy":"product_tag","embeddable":true,"href":"https:\/\/shop.kustom.ch\/fr\/wp-json\/wp\/v2\/product_tag?post=720637"}],"curies":[{"name":"wp","href":"https:\/\/api.w.org\/{rel}","templated":true}]}}