{"id":720617,"date":"2026-03-24T21:03:26","date_gmt":"2026-03-24T20:03:26","guid":{"rendered":"https:\/\/shop.kustom.ch\/?post_type=product&#038;p=720617"},"modified":"2026-03-24T21:05:28","modified_gmt":"2026-03-24T20:05:28","slug":"classic-2-0-longsleeve","status":"publish","type":"product","link":"https:\/\/shop.kustom.ch\/fr\/produit\/classic-2-0-longsleeve\/","title":{"rendered":"CLASSIC 2.0 MANCHES LONGUES"},"content":{"rendered":"<p>L\u00e9ger, respirant et incroyablement polyvalent, le t-shirt \u00e0 manches longues Classic 2.0 est votre premier choix pour un confort tout au long de la journ\u00e9e. Il est fabriqu\u00e9 \u00e0 partir de coton biologique doux, compos\u00e9 d'au moins 50 % de fibres Organic Content Standard, ce qui garantit un confort de premi\u00e8re classe et pr\u00e9serve l'environnement. Le fil AMANN de qualit\u00e9 allemande offre une r\u00e9sistance fiable et les poignets en maille c\u00f4tel\u00e9e assurent un bon ajustement. Ce pull \u00e0 manches longues est parfait pour \u00eatre port\u00e9 seul ou comme couche de base et combine un design simple et une utilisation quotidienne.<\/p>\n<p>Coupe : Regular \/ Normale<\/p>\n<p>Mat\u00e9riau : Tissu principal : 80 % coton (bio), 20 % polyester (recycl\u00e9) - 165 g\/m\u00b2.<\/p>","protected":false},"excerpt":{"rendered":"<p>- AMANN Fils - Qualit\u00e9 allemande<br \/>- col en tricot c\u00f4tel\u00e9 pour plus de confort<br \/>- Coutures lat\u00e9rales<br \/>- Coton biologique<br \/>- Ce produit est compos\u00e9 d'au moins 50 % de fibres Organic Content Standard certifi\u00e9es par IDFL (TE-99972454).<\/p>","protected":false},"featured_media":720689,"template":"","meta":[],"product_brand":[],"product_cat":[4191],"product_tag":[],"class_list":{"0":"post-720617","1":"product","2":"type-product","3":"status-publish","4":"has-post-thumbnail","6":"product_cat-longsleeves-sweatshirts","7":"pa_brand-helly-hansen","8":"pa_brand-type-workwear","9":"pa_filter-color-blau","10":"pa_filter-color-schwarz","12":"first","13":"instock","14":"sale","15":"taxable","16":"shipping-taxable","17":"purchasable","18":"product-type-variable","19":"add-to-wishlist-before_image"},"exclude_global_add_ons":[],"addons":[],"acf":[],"_links":{"self":[{"href":"https:\/\/shop.kustom.ch\/fr\/wp-json\/wp\/v2\/product\/720617"}],"collection":[{"href":"https:\/\/shop.kustom.ch\/fr\/wp-json\/wp\/v2\/product"}],"about":[{"href":"https:\/\/shop.kustom.ch\/fr\/wp-json\/wp\/v2\/types\/product"}],"wp:featuredmedia":[{"embeddable":true,"href":"https:\/\/shop.kustom.ch\/fr\/wp-json\/wp\/v2\/media\/720689"}],"wp:attachment":[{"href":"https:\/\/shop.kustom.ch\/fr\/wp-json\/wp\/v2\/media?parent=720617"}],"wp:term":[{"taxonomy":"product_brand","embeddable":true,"href":"https:\/\/shop.kustom.ch\/fr\/wp-json\/wp\/v2\/product_brand?post=720617"},{"taxonomy":"product_cat","embeddable":true,"href":"https:\/\/shop.kustom.ch\/fr\/wp-json\/wp\/v2\/product_cat?post=720617"},{"taxonomy":"product_tag","embeddable":true,"href":"https:\/\/shop.kustom.ch\/fr\/wp-json\/wp\/v2\/product_tag?post=720617"}],"curies":[{"name":"wp","href":"https:\/\/api.w.org\/{rel}","templated":true}]}}