{"id":720596,"date":"2026-03-24T21:03:01","date_gmt":"2026-03-24T20:03:01","guid":{"rendered":"https:\/\/shop.kustom.ch\/?post_type=product&#038;p=720596"},"modified":"2026-03-24T21:05:03","modified_gmt":"2026-03-24T20:05:03","slug":"classic-2-0-polo","status":"publish","type":"product","link":"https:\/\/shop.kustom.ch\/fr\/produit\/classic-2-0-polo\/","title":{"rendered":"CLASSIC 2.0 POLO"},"content":{"rendered":"<p>Le polo Classic 2.0 allie style d\u00e9contract\u00e9 et confort au quotidien. Le polo est fabriqu\u00e9 en coton biologique doux, compos\u00e9 d'au moins 50 % de fibres Organic Content Standard. Il offre un confort respirant, que ce soit au travail ou pendant les loisirs. Le fil AMANN de qualit\u00e9 allemande offre une longue dur\u00e9e de vie, tandis que le design sobre et le col structur\u00e9 lui conf\u00e8rent un look styl\u00e9. Ce polo intemporel est un v\u00eatement indispensable qui peut \u00eatre port\u00e9 aussi bien comme couche suppl\u00e9mentaire que seul.<\/p>\n<p>Coupe : Regular \/ Normale<\/p>\n<p>Mat\u00e9riau : Tissu principal : 80 % coton (bio), 20 % polyester (recycl\u00e9) - 190 g\/m\u00b2.<\/p>","protected":false},"excerpt":{"rendered":"<p>- AMANN Fils - Qualit\u00e9 allemande<br \/>- Coutures lat\u00e9rales<br \/>- Bouton suppl\u00e9mentaire inclus<br \/>- Patte de boutonnage sur le devant<br \/>- Coton biologique<br \/>- Ce produit est compos\u00e9 d'au moins 50 % de fibres Organic Content Standard certifi\u00e9es par IDFL (TE-99972454).<\/p>","protected":false},"featured_media":720660,"template":"","meta":[],"product_brand":[],"product_cat":[4193],"product_tag":[],"class_list":{"0":"post-720596","1":"product","2":"type-product","3":"status-publish","4":"has-post-thumbnail","6":"product_cat-polos","7":"pa_brand-helly-hansen","8":"pa_brand-type-workwear","9":"pa_filter-color-blau","10":"pa_filter-color-grau","11":"pa_filter-color-schwarz","13":"first","14":"instock","15":"sale","16":"taxable","17":"shipping-taxable","18":"purchasable","19":"product-type-variable","20":"add-to-wishlist-before_image"},"exclude_global_add_ons":[],"addons":[],"acf":[],"_links":{"self":[{"href":"https:\/\/shop.kustom.ch\/fr\/wp-json\/wp\/v2\/product\/720596"}],"collection":[{"href":"https:\/\/shop.kustom.ch\/fr\/wp-json\/wp\/v2\/product"}],"about":[{"href":"https:\/\/shop.kustom.ch\/fr\/wp-json\/wp\/v2\/types\/product"}],"wp:featuredmedia":[{"embeddable":true,"href":"https:\/\/shop.kustom.ch\/fr\/wp-json\/wp\/v2\/media\/720660"}],"wp:attachment":[{"href":"https:\/\/shop.kustom.ch\/fr\/wp-json\/wp\/v2\/media?parent=720596"}],"wp:term":[{"taxonomy":"product_brand","embeddable":true,"href":"https:\/\/shop.kustom.ch\/fr\/wp-json\/wp\/v2\/product_brand?post=720596"},{"taxonomy":"product_cat","embeddable":true,"href":"https:\/\/shop.kustom.ch\/fr\/wp-json\/wp\/v2\/product_cat?post=720596"},{"taxonomy":"product_tag","embeddable":true,"href":"https:\/\/shop.kustom.ch\/fr\/wp-json\/wp\/v2\/product_tag?post=720596"}],"curies":[{"name":"wp","href":"https:\/\/api.w.org\/{rel}","templated":true}]}}