{"id":720574,"date":"2026-03-24T21:02:37","date_gmt":"2026-03-24T20:02:37","guid":{"rendered":"https:\/\/shop.kustom.ch\/?post_type=product&#038;p=720574"},"modified":"2026-03-24T21:04:41","modified_gmt":"2026-03-24T20:04:41","slug":"classic-2-0-t-shirt","status":"publish","type":"product","link":"https:\/\/shop.kustom.ch\/fr\/produit\/classic-2-0-t-shirt\/","title":{"rendered":"CLASSIC 2.0 T-SHIRT"},"content":{"rendered":"<p>Votre essentiel pour le quotidien \u00e0 la perfection. Le T-shirt Classic 2.0 est fabriqu\u00e9 en coton biologique doux, compos\u00e9 d'au moins 50 % de fibres Organic Content Standard, pour un confort respirant et l\u00e9ger qui dure toute la journ\u00e9e. Le fil AMANN de qualit\u00e9 allemande assure la durabilit\u00e9, et le design simple et minimaliste peut \u00eatre port\u00e9 seul ou utilis\u00e9 comme couche suppl\u00e9mentaire. Ce t-shirt simple, polyvalent et confortable est une pi\u00e8ce indispensable pour le travail et les activit\u00e9s de loisirs.<\/p>\n<p>Coupe : Regular \/ Normale<\/p>\n<p>Mat\u00e9riau : Tissu principal : 80 % coton (bio), 20 % polyester (recycl\u00e9) - 165 g\/m\u00b2.<\/p>","protected":false},"excerpt":{"rendered":"<p>- AMANN Fils - Qualit\u00e9 allemande<br \/>- col en tricot c\u00f4tel\u00e9 pour plus de confort<br \/>- Coutures lat\u00e9rales<br \/>- Coton biologique<br \/>- Ce produit est compos\u00e9 d'au moins 50 % de fibres Organic Content Standard certifi\u00e9es par IDFL (TE-99972454).<\/p>","protected":false},"featured_media":720640,"template":"","meta":[],"product_brand":[],"product_cat":[4201],"product_tag":[],"class_list":{"0":"post-720574","1":"product","2":"type-product","3":"status-publish","4":"has-post-thumbnail","6":"product_cat-t-shirts","7":"pa_brand-helly-hansen","8":"pa_brand-type-workwear","9":"pa_filter-color-blau","10":"pa_filter-color-schwarz","12":"first","13":"instock","14":"sale","15":"taxable","16":"shipping-taxable","17":"purchasable","18":"product-type-variable","19":"add-to-wishlist-before_image"},"exclude_global_add_ons":[],"addons":[],"acf":[],"_links":{"self":[{"href":"https:\/\/shop.kustom.ch\/fr\/wp-json\/wp\/v2\/product\/720574"}],"collection":[{"href":"https:\/\/shop.kustom.ch\/fr\/wp-json\/wp\/v2\/product"}],"about":[{"href":"https:\/\/shop.kustom.ch\/fr\/wp-json\/wp\/v2\/types\/product"}],"wp:featuredmedia":[{"embeddable":true,"href":"https:\/\/shop.kustom.ch\/fr\/wp-json\/wp\/v2\/media\/720640"}],"wp:attachment":[{"href":"https:\/\/shop.kustom.ch\/fr\/wp-json\/wp\/v2\/media?parent=720574"}],"wp:term":[{"taxonomy":"product_brand","embeddable":true,"href":"https:\/\/shop.kustom.ch\/fr\/wp-json\/wp\/v2\/product_brand?post=720574"},{"taxonomy":"product_cat","embeddable":true,"href":"https:\/\/shop.kustom.ch\/fr\/wp-json\/wp\/v2\/product_cat?post=720574"},{"taxonomy":"product_tag","embeddable":true,"href":"https:\/\/shop.kustom.ch\/fr\/wp-json\/wp\/v2\/product_tag?post=720574"}],"curies":[{"name":"wp","href":"https:\/\/api.w.org\/{rel}","templated":true}]}}