{"id":720573,"date":"2026-03-24T21:02:37","date_gmt":"2026-03-24T20:02:37","guid":{"rendered":"https:\/\/shop.kustom.ch\/?post_type=product&#038;p=720573"},"modified":"2026-03-24T21:04:16","modified_gmt":"2026-03-24T20:04:16","slug":"hh-lifa-merino-pro-balaclava","status":"publish","type":"product","link":"https:\/\/shop.kustom.ch\/fr\/produit\/hh-lifa-merino-pro-balaclava\/","title":{"rendered":"HH LIFA MERINO PRO BALACLAVA"},"content":{"rendered":"<p>Le bonnet de temp\u00eate Lifa\u00ae Merino Pro combine la technologie Lifa\u00ae Stay Warm avec un design intelligent. Le mat\u00e9riau d'\u00e9vacuation de l'humidit\u00e9 et les a\u00e9rations en mesh r\u00e9gulent l'humidit\u00e9, tandis que la laine m\u00e9rinos vous tient chaud m\u00eame dans les conditions les plus difficiles. Con\u00e7ue pour une utilisation industrielle, cette cagoule en m\u00e9rinos est dot\u00e9e d'un design robuste avec un tissu double \u00e9paisseur. Les coutures flatlock am\u00e9liorent le confort et la cagoule peut \u00eatre port\u00e9e comme baselayer sous les v\u00eatements de protection.<\/p>\n<p>Coupe : Regular \/ Normale<\/p>\n<p>Mati\u00e8re : Tissu principal : 57 % Merino, 43 % Polypropyl\u00e8ne - 215 g\/m\u00b2.<br \/>Deuxi\u00e8me mati\u00e8re principale : 100 % polyamide - 270 g\/m\u00b2.<\/p>","protected":false},"excerpt":{"rendered":"<p>- LIFA\u00ae MERINO<br \/>- a\u00e9ration en mesh pour une respirabilit\u00e9 suppl\u00e9mentaire<br \/>- Coutures flatlock pour un confort suppl\u00e9mentaire<br \/>- Laine ZQ<\/p>","protected":false},"featured_media":720636,"template":"","meta":[],"product_brand":[],"product_cat":[4177],"product_tag":[],"class_list":{"0":"post-720573","1":"product","2":"type-product","3":"status-publish","4":"has-post-thumbnail","6":"product_cat-caps-muetzen","7":"pa_brand-helly-hansen","8":"pa_brand-type-workwear","9":"pa_filter-color-schwarz","11":"first","12":"instock","13":"sale","14":"taxable","15":"shipping-taxable","16":"purchasable","17":"product-type-variable","18":"add-to-wishlist-before_image"},"exclude_global_add_ons":[],"addons":[],"acf":[],"_links":{"self":[{"href":"https:\/\/shop.kustom.ch\/fr\/wp-json\/wp\/v2\/product\/720573"}],"collection":[{"href":"https:\/\/shop.kustom.ch\/fr\/wp-json\/wp\/v2\/product"}],"about":[{"href":"https:\/\/shop.kustom.ch\/fr\/wp-json\/wp\/v2\/types\/product"}],"wp:featuredmedia":[{"embeddable":true,"href":"https:\/\/shop.kustom.ch\/fr\/wp-json\/wp\/v2\/media\/720636"}],"wp:attachment":[{"href":"https:\/\/shop.kustom.ch\/fr\/wp-json\/wp\/v2\/media?parent=720573"}],"wp:term":[{"taxonomy":"product_brand","embeddable":true,"href":"https:\/\/shop.kustom.ch\/fr\/wp-json\/wp\/v2\/product_brand?post=720573"},{"taxonomy":"product_cat","embeddable":true,"href":"https:\/\/shop.kustom.ch\/fr\/wp-json\/wp\/v2\/product_cat?post=720573"},{"taxonomy":"product_tag","embeddable":true,"href":"https:\/\/shop.kustom.ch\/fr\/wp-json\/wp\/v2\/product_tag?post=720573"}],"curies":[{"name":"wp","href":"https:\/\/api.w.org\/{rel}","templated":true}]}}