{"id":720485,"date":"2026-03-24T21:00:59","date_gmt":"2026-03-24T20:00:59","guid":{"rendered":"https:\/\/shop.kustom.ch\/?post_type=product&#038;p=720485"},"modified":"2026-03-24T21:02:34","modified_gmt":"2026-03-24T20:02:34","slug":"evo-zip-sweatshirt","status":"publish","type":"product","link":"https:\/\/shop.kustom.ch\/fr\/produit\/evo-zip-sweatshirt\/","title":{"rendered":"SWEAT-SHIRT EVO ZIP"},"content":{"rendered":"<p>Coupe : Regular \/ Normale<\/p>\n<p>Mati\u00e8re : Ext\u00e9rieur : 71 % coton, 27 % polyester, 2 % \u00e9lasthanne - 330 g\/m\u00b2.<\/p>","protected":false},"excerpt":{"rendered":"<p>- fermeture \u00e0 glissi\u00e8re YKK<br \/>- Les fils AMANN<br \/>- col en tricot c\u00f4tel\u00e9 pour plus de confort<br \/>- fermeture \u00e9clair frontale YKK<br \/>- poches pour les mains avec fermeture \u00e9clair YKK<br \/>- Poignets et ourlet en bord-c\u00f4te<br \/>- Logo Workwear en relief<\/p>","protected":false},"featured_media":720542,"template":"","meta":[],"product_brand":[],"product_cat":[4191],"product_tag":[],"class_list":{"0":"post-720485","1":"product","2":"type-product","3":"status-publish","4":"has-post-thumbnail","6":"product_cat-longsleeves-sweatshirts","7":"pa_brand-helly-hansen","8":"pa_brand-type-workwear","9":"pa_filter-color-blau","10":"pa_filter-color-grau","11":"pa_filter-color-schwarz","13":"first","14":"instock","15":"sale","16":"taxable","17":"shipping-taxable","18":"purchasable","19":"product-type-variable","20":"add-to-wishlist-before_image"},"exclude_global_add_ons":[],"addons":[],"acf":[],"_links":{"self":[{"href":"https:\/\/shop.kustom.ch\/fr\/wp-json\/wp\/v2\/product\/720485"}],"collection":[{"href":"https:\/\/shop.kustom.ch\/fr\/wp-json\/wp\/v2\/product"}],"about":[{"href":"https:\/\/shop.kustom.ch\/fr\/wp-json\/wp\/v2\/types\/product"}],"wp:featuredmedia":[{"embeddable":true,"href":"https:\/\/shop.kustom.ch\/fr\/wp-json\/wp\/v2\/media\/720542"}],"wp:attachment":[{"href":"https:\/\/shop.kustom.ch\/fr\/wp-json\/wp\/v2\/media?parent=720485"}],"wp:term":[{"taxonomy":"product_brand","embeddable":true,"href":"https:\/\/shop.kustom.ch\/fr\/wp-json\/wp\/v2\/product_brand?post=720485"},{"taxonomy":"product_cat","embeddable":true,"href":"https:\/\/shop.kustom.ch\/fr\/wp-json\/wp\/v2\/product_cat?post=720485"},{"taxonomy":"product_tag","embeddable":true,"href":"https:\/\/shop.kustom.ch\/fr\/wp-json\/wp\/v2\/product_tag?post=720485"}],"curies":[{"name":"wp","href":"https:\/\/api.w.org\/{rel}","templated":true}]}}