{"id":720438,"date":"2026-03-24T21:00:08","date_gmt":"2026-03-24T20:00:08","guid":{"rendered":"https:\/\/shop.kustom.ch\/?post_type=product&#038;p=720438"},"modified":"2026-03-24T21:01:22","modified_gmt":"2026-03-24T20:01:22","slug":"essential-sweatpant","status":"publish","type":"product","link":"https:\/\/shop.kustom.ch\/fr\/produit\/essential-sweatpant\/","title":{"rendered":"PANTALON DE SWEAT ESSENTIEL"},"content":{"rendered":"<p>Coupe : Regular \/ Normale<\/p>\n<p>Mat\u00e9riel : Mat\u00e9riel principal : 100 % coton - 300 g\/m\u00b2.<\/p>","protected":false},"excerpt":{"rendered":"<p>- Poches pour les mains<br \/>- bord-c\u00f4te \u00e0 l'ourlet inf\u00e9rieur<br \/>- Taille ajustable<br \/>- Taille \u00e9lastique<\/p>","protected":false},"featured_media":720488,"template":"","meta":[],"product_brand":[],"product_cat":[4185],"product_tag":[],"class_list":{"0":"post-720438","1":"product","2":"type-product","3":"status-publish","4":"has-post-thumbnail","6":"product_cat-hosen","7":"pa_brand-helly-hansen","8":"pa_brand-type-workwear","9":"pa_filter-color-blau","10":"pa_filter-color-schwarz","12":"first","13":"instock","14":"sale","15":"taxable","16":"shipping-taxable","17":"purchasable","18":"product-type-variable","19":"add-to-wishlist-before_image"},"exclude_global_add_ons":[],"addons":[],"acf":[],"_links":{"self":[{"href":"https:\/\/shop.kustom.ch\/fr\/wp-json\/wp\/v2\/product\/720438"}],"collection":[{"href":"https:\/\/shop.kustom.ch\/fr\/wp-json\/wp\/v2\/product"}],"about":[{"href":"https:\/\/shop.kustom.ch\/fr\/wp-json\/wp\/v2\/types\/product"}],"wp:featuredmedia":[{"embeddable":true,"href":"https:\/\/shop.kustom.ch\/fr\/wp-json\/wp\/v2\/media\/720488"}],"wp:attachment":[{"href":"https:\/\/shop.kustom.ch\/fr\/wp-json\/wp\/v2\/media?parent=720438"}],"wp:term":[{"taxonomy":"product_brand","embeddable":true,"href":"https:\/\/shop.kustom.ch\/fr\/wp-json\/wp\/v2\/product_brand?post=720438"},{"taxonomy":"product_cat","embeddable":true,"href":"https:\/\/shop.kustom.ch\/fr\/wp-json\/wp\/v2\/product_cat?post=720438"},{"taxonomy":"product_tag","embeddable":true,"href":"https:\/\/shop.kustom.ch\/fr\/wp-json\/wp\/v2\/product_tag?post=720438"}],"curies":[{"name":"wp","href":"https:\/\/api.w.org\/{rel}","templated":true}]}}