{"id":720270,"date":"2026-03-24T20:58:06","date_gmt":"2026-03-24T19:58:06","guid":{"rendered":"https:\/\/shop.kustom.ch\/?post_type=product&#038;p=720270"},"modified":"2026-03-24T20:59:18","modified_gmt":"2026-03-24T19:59:18","slug":"classic-hoodie","status":"publish","type":"product","link":"https:\/\/shop.kustom.ch\/fr\/produit\/classic-hoodie\/","title":{"rendered":"HOODIE CLASSIQUE"},"content":{"rendered":"<p>Le sweat \u00e0 capuche Classic est parfait pour la vie de tous les jours. Il est fabriqu\u00e9 dans un m\u00e9lange doux de coton et de polyester qui offre un grand confort et une grande r\u00e9sistance.<\/p>\n<p>Coupe : Regular \/ Normale<\/p>\n<p>Mat\u00e9riau : Tissu principal : 54 % coton, 46 % polyester - 280 g\/m\u00b2.<\/p>","protected":false},"excerpt":{"rendered":"<p>- Capuche r\u00e9glable avec cordon de serrage<br \/>- poche chauffe-mains sur le devant<br \/>- Poignets et ourlet en bord-c\u00f4te<\/p>","protected":false},"featured_media":720309,"template":"","meta":[],"product_brand":[],"product_cat":[4184],"product_tag":[],"class_list":{"0":"post-720270","1":"product","2":"type-product","3":"status-publish","4":"has-post-thumbnail","6":"product_cat-hoodies-pullover","7":"pa_brand-helly-hansen","8":"pa_brand-type-workwear","9":"pa_filter-color-blau","10":"pa_filter-color-grau","11":"pa_filter-color-weiss","13":"first","14":"instock","15":"sale","16":"taxable","17":"shipping-taxable","18":"purchasable","19":"product-type-variable","20":"add-to-wishlist-before_image"},"exclude_global_add_ons":[],"addons":[],"acf":[],"_links":{"self":[{"href":"https:\/\/shop.kustom.ch\/fr\/wp-json\/wp\/v2\/product\/720270"}],"collection":[{"href":"https:\/\/shop.kustom.ch\/fr\/wp-json\/wp\/v2\/product"}],"about":[{"href":"https:\/\/shop.kustom.ch\/fr\/wp-json\/wp\/v2\/types\/product"}],"wp:featuredmedia":[{"embeddable":true,"href":"https:\/\/shop.kustom.ch\/fr\/wp-json\/wp\/v2\/media\/720309"}],"wp:attachment":[{"href":"https:\/\/shop.kustom.ch\/fr\/wp-json\/wp\/v2\/media?parent=720270"}],"wp:term":[{"taxonomy":"product_brand","embeddable":true,"href":"https:\/\/shop.kustom.ch\/fr\/wp-json\/wp\/v2\/product_brand?post=720270"},{"taxonomy":"product_cat","embeddable":true,"href":"https:\/\/shop.kustom.ch\/fr\/wp-json\/wp\/v2\/product_cat?post=720270"},{"taxonomy":"product_tag","embeddable":true,"href":"https:\/\/shop.kustom.ch\/fr\/wp-json\/wp\/v2\/product_tag?post=720270"}],"curies":[{"name":"wp","href":"https:\/\/api.w.org\/{rel}","templated":true}]}}